{"id":28045,"date":"2019-05-29T12:42:12","date_gmt":"2019-05-29T12:42:12","guid":{"rendered":"https:\/\/www.marinpasalodos.com\/?page_id=28045"},"modified":"2019-05-29T12:42:12","modified_gmt":"2019-05-29T12:42:12","slug":"refund-of-the-amount-by-land-clauses-and-expenses-of-constitution-of-mortgage","status":"publish","type":"page","link":"https:\/\/www.marinpasalodos.com\/en\/legal-areas\/refund-of-the-amount-by-land-clauses-and-expenses-of-constitution-of-mortgage\/","title":{"rendered":"Refund of the amount by land clauses and expenses of constitution of mortgage"},"content":{"rendered":"<p>El despacho de <span style=\"color: #282828;\"><a style=\"color: #282828;\" title=\"abogados de Barcelona\" href=\"https:\/\/www.marinpasalodos.com\/\">abogados de Barcelona<\/a><\/span> MARIN &amp; PASALODOS pone a su disposici\u00f3n un equipo de abogados y economistas que le permitir\u00e1n obtener con las m\u00e1ximas garant\u00edas la devoluci\u00f3n del importe exacto abonado indebidamente a consecuencia de cl\u00e1usulas suelo y gastos de constituci\u00f3n de hipoteca (u otras posibles cl\u00e1usulas abusivas). <strong><a title=\"Llame al 932 006 766 o escriba un mensaje\" href=\"https:\/\/www.marinpasalodos.com\/en\/contact-lawyres-barcelona\/\">Cons\u00faltenos<\/a> sin ning\u00fan tipo de compromiso sobre las cantidades que puede reclamar<\/strong>, en aplicaci\u00f3n de la reciente jurisprudencia del Tribunal de Justicia de la Uni\u00f3n Europea y del Tribunal Supremo sobre la nulidad de las cl\u00e1usulas abusivas, as\u00ed como especialmente (aunque no exista en el contrato cl\u00e1ula suelo) sobre la nulidad de la imposici\u00f3n al consumidor de la obligaci\u00f3n de asumir en solitario los gastos e impuestos originados por la constituci\u00f3n de la hipoteca. La contrataci\u00f3n de nuestros servicios, despu\u00e9s de un estudio gratuito de su caso, implica una notable diferencia con respecto a otras webs en que calculan de una forma s\u00f3lo aproximada cu\u00e1l va a ser el montante de su devoluci\u00f3n; en nuestro caso disponemos de profesionales tanto del \u00e1rea jur\u00eddica como del \u00e1rea econ\u00f3mica, que estudiar\u00e1n cada caso concreto y determinar\u00e1n el importe exacto de su devoluci\u00f3n, contando con la intervenci\u00f3n de peritos economistas que actuar\u00e1n en el juicio correspondiente sin coste adicional para el cliente.<\/p>\n<h2>RECLAMACI\u00d3N DE GASTOS CONSTITUCI\u00d3N DE HIPOTECA<\/h2>\n<p>i. AN\u00c1LISIS PREVIO: se analiza si constan en la escritura de pr\u00e9stamo hipotecario CL\u00c1USULAS ABUSIVAS en general, pero espec\u00edficamente si existe cl\u00e1usula que obligue a la parte prestataria a hacerse cargo de los gastos de constituci\u00f3n de la hipoteca. Dicha cl\u00e1usula tendr\u00e1 un texto del estilo siguiente: \u201cSon de cuenta exclusiva de la parte prestataria todos los tributos, comisiones y gastos ocasionados por la preparaci\u00f3n, formalizaci\u00f3n, subsanaci\u00f3n, tramitaci\u00f3n de escrituras, modificaci\u00f3n -incluyendo divisi\u00f3n, segregaci\u00f3n o cualquier cambio que suponga alteraci\u00f3n de la garant\u00eda- y ejecuci\u00f3n de este contrato, y por lo pagos y reintegros derivados del mismo, as\u00ed como por la constituci\u00f3n, conservaci\u00f3n y cancelaci\u00f3n de su garant\u00eda, siendo igualmente a su cargo las primas y dem\u00e1s gastos correspondientes al seguro de da\u00f1os, que la parte prestataria se obliga a tener vigente\u201d.<\/p>\n<p>Estas cuestiones ser\u00e1n examinadas con el asesoramiento de los abogados y economistas, y se realizar\u00e1 una primera estimaci\u00f3n provisional del importe aproximado que procede reclamar, sin coste alguno para el cliente.<\/p>\n<h2>\u00bfComo se\u00a0recupera el dinero\u00a0abonado indebidamente?<\/h2>\n<p>ii. Procedimiento de <strong>SOLUCI\u00d3N EXTRAJUDICIAL<\/strong> con car\u00e1cter previo a la interposici\u00f3n de demanda judicial<\/p>\n<p>Lo que aconsejamos en primer lugar, es reclamar de forma extrajudicial al servicio de atenci\u00f3n al cliente o al defensor del cliente (disponemos de un modelo est\u00e1ndar, pero es conveniente preguntar en cada entidad bancaria, pues muchas de ellas disponen de un modelo propio a disposici\u00f3n de los clientes). Este tr\u00e1mite extrajudicial es voluntario para el consumidor, pero obligatorio para la entidad bancaria en caso de ser iniciado por el consumidor.<\/p>\n<p>Tras la reclamaci\u00f3n, la entidad bancaria debe efectuar un c\u00e1lculo de la cantidad a devolver y remitirlo al consumidor desglosando dicho c\u00e1lculo. Si la entidad bancaria considera que no procede ninguna devoluci\u00f3n, comunicar\u00e1 las razones de su negativa frente a la reclamaci\u00f3n.<\/p>\n<p>El consumidor deber\u00e1 manifestar si est\u00e1 conforme o no con el c\u00e1lculo efectuado por la entidad bancaria, para lo que contar\u00e1 con el soporte del equipo de abogados y economistas a la hora de revisar la propuesta que pueda producirse por parte del banco &gt; se revisar\u00e1 la correcci\u00f3n de los c\u00e1lculos realizados y las condiciones jur\u00eddicas de la propuesta formulada por la entidad bancaria. Si hubiera conformidad, las partes acordar\u00e1n la devoluci\u00f3n que corresponda (del importe exacto abonado indebidamente a consecuencia de cl\u00e1usulas suelo y gastos de constituci\u00f3n de hipoteca u otras posibles cl\u00e1usulas abusivas).<\/p>\n<p>Durante el tiempo que dure la reclamaci\u00f3n previa, las partes no podr\u00e1n iniciar contra la otra ninguna acci\u00f3n judicial o extrajudicial sobre la misma controversia.<\/p>\n<p>Si transcurren TRES MESES desde la presentaci\u00f3n de la reclamaci\u00f3n, y se produce alguno de los siguientes supuestos (i) respuesta negativa a la reclamaci\u00f3n, (ii) no existir respuesta, (iii) disconformidad del consumidor con la propuesta de la entidad bancaria o (iv) no puesta a disposici\u00f3n del consumidor de modo efectivo la cantidad ofrecida, entonces el siguiente paso deber\u00e1 ser la reclamaci\u00f3n judicial.<\/p>\n<p>iii. <strong>V\u00cdA JUDICIAL<\/strong><\/p>\n<p>Mediante demanda judicial, se solicita la declaraci\u00f3n de la nulidad de la cl\u00e1usula abusiva (que obliga al banco a la devoluci\u00f3n de todas las cantidades indebidamente cobradas).<\/p>\n<p>iv. No es posible una acci\u00f3n colectiva, puesto que cada caso tiene sus propias caracter\u00edsticas.<\/p>\n<h2>\u00bfQue gastos hay para solicitar su importe?<\/h2>\n<p>v. COSTE DE LA RECLAMACI\u00d3N para el cliente<\/p>\n<p>a. Dep\u00f3sito inicial para gastos en el momento de realizar el encargo profesional a los abogados para iniciar la fase reclamaci\u00f3n extrajudicial<\/p>\n<p>Debe realizarse una entrega a cuenta inicial de 100 euros en concepto de gastos del procedimiento extrajudicial.<\/p>\n<p>b. Si se logra una soluci\u00f3n satisfactoria en v\u00eda extrajudicial<\/p>\n<p>El importe en honorarios es de: 100 euros por gastos del procedimiento extrajudicial (ya habr\u00e1n sido entregados previamente -dep\u00f3sito inicial-) + 15% de la cantidad recuperada en conceptos de honorarios.<\/p>\n<p>c. Si es necesario acudir a la v\u00eda judicial<\/p>\n<p>Con car\u00e1cter previo a la interposici\u00f3n de la demanda judicial: debe realizarse una entrega a cuenta inicial de 300 euros en concepto de gastos de abogado y procurador.<\/p>\n<p>Cuando finalice el procedimiento, s\u00f3lo se devengan honorarios si se consigue un beneficio econ\u00f3mico para el cliente:<\/p>\n<p>a) Si la entidad bancaria es condenada a pagar costas (ocurre en el 80% de las reclamaciones), el cliente NO tendr\u00e1 costes de abogados\/procurador &gt; el cliente pagar\u00e1 a los abogados\/procurador el importe que finalmente pague el banco en concepto de costas (minorado en 300 euros, de tal modo que el cliente recupera el dep\u00f3sito inicial de 300 euros hecho como requisito para iniciar la fase judicial).<\/p>\n<p>b) En caso de que se consiga un beneficio econ\u00f3mico (cantidad) para el cliente, pero el banco no sea condenado a abonar los costes del proceso judicial (ocurre en el 20% de las reclamaciones), el importe de nuestros honorarios es de: 300 euros por costes del procedimiento (ya entregados al inicio de la reclamaci\u00f3n judicial) + 20% de la cantidad recuperada en concepto de honorarios.<\/p>\n<p>c) Si no se consigue ning\u00fan beneficio econ\u00f3mico o indemnizaci\u00f3n a favor del cliente, el importe de nuestros honorarios es \u00fanicamente de 300 euros por costes del procedimiento (ya entregados al inicio de la reclamaci\u00f3n judicial); no se deber\u00e1 pagar ning\u00fan importe adicional.<\/p>\n<h2>\u00bfQue documentos necesita para la devoluci\u00f3n de su dinero?<\/h2>\n<p>vi. DOCUMENTACI\u00d3N NECESARIA que deber\u00e1 ser remitida (preferentemente escaneada) por el cliente (se puntea la documentaci\u00f3n que es aportada en ficha que se anexa en el apartado siguiente):<\/p>\n<p>\u2022 Escrituras de hipoteca, ampliaciones o novaciones posteriores<br \/>\n\u2022 Recibo reciente de pago de hipoteca (s\u00f3lo si sigue vigente)<br \/>\n\u2022 Factura de la gestor\u00eda tramitadora<br \/>\n\u2022 Factura del notario<br \/>\n\u2022 Factura del Registro de la Propiedad<br \/>\n\u2022 Carta de pago de impuesto actos jur\u00eddicos documentados (AJD)<br \/>\n\u2022 Tasaci\u00f3n<br \/>\n\u2022 Certificado de empadronamiento (s\u00f3lo si es la vivienda habitual)<br \/>\n\u2022 Escritura de cancelaci\u00f3n de hipoteca (si estuviera cancelada)<\/p>\n<p><a href=\"https:\/\/www.marinpasalodos.com\/wp-content\/uploads\/2017\/03\/Ficha-cliente.pdf\">DESCARGAR LA FICHA CLIENTE PARA PEDIR LA DEVOLUCION DE SU IMPORTE<\/a><\/p>\n<p><strong>\u00a1Llame ahora al 932 006 766 o <a class=\"h-large\" href=\"mailto:secretaria@marinpasalodos.com\">escriba su mensaje<\/a>\u00a0y recupere su\u00a0importe abonado indebidamente!<\/strong><\/p>\n<h2>Que opinan nuestros clientes<\/h2>\n<blockquote>\n<p style=\"text-align: justify;\">En nombre de mi padre y m\u00edo quedamos muy satisfechos con la primera visita que realizamos con vosotros, vimos una implicaci\u00f3n desde el primer momento, nos transmitisteis confianza y salimos de vuestro despacho llenos de esperanza, ya que es incomprensible que pase esto despu\u00e9s de trabajar una vida, y cumpliendo todos los requisitos, no es justo que le denegaran esta ayuda. Yo os estoy muy agradecida de que nos llev\u00e9is el caso y tengo plena confianza en vosotros y espero una resoluci\u00f3n justa ya que mi padre se lo merece. \u201c<br \/>\nGracias.<\/p>\n<\/blockquote>\n<p><em>Saludos,<\/em><br \/>\n<em> Sandra Due\u00f1as<\/em><\/p>\n<h2>El equipo de abogados de Marin Pasalodos<\/h2>\n<p>[divider width=&#8221;full&#8221;]<\/p>\n<p>[row ]<\/p>\n<p>[col span=&#8221;1\/2&#8243; ]<br \/>\n[team_member name=&#8221;Tom\u00e1s Pasalodos&#8221; img=&#8221;https:\/\/www.marinpasalodos.com\/wp-content\/uploads\/2014\/07\/tomas-pasalodos.jpg&#8221;]<br \/>\nEspecialista en laboral, civil y contencioso administrativo. <a href=\"https:\/\/www.marinpasalodos.com\/en\/legal-team\/tomas-pasalodos-gibert\/\">Ver<\/a><br \/>\n[\/team_member]<\/p>\n<p>[\/col]<\/p>\n<p>[col span=&#8221;1\/2&#8243; ]<br \/>\n[team_member name=&#8221;Florentina Marin &#8221; img=&#8221;https:\/\/www.marinpasalodos.com\/wp-content\/uploads\/2014\/07\/florentina-marin.jpg&#8221;]<br \/>\nEspecialista en laboral, derecho de familia, derecho mercantil y comercio internacional. <a href=\"https:\/\/www.marinpasalodos.com\/en\/legal-team\/florentina-marin-barcelona-lawyer\/\">Ver<\/a><br \/>\n[\/team_member]<br \/>\n[\/col]<\/p>\n<p>[col span=&#8221;1\/2&#8243; ]<br \/>\n[team_member name=&#8221;Nadia Godoy&#8221; img=&#8221;https:\/\/www.marinpasalodos.com\/wp-content\/uploads\/2014\/07\/nadia-godoy.jpg&#8221;]<br \/>\nEspecialista en penal, extranjer\u00eda y derecho internacional privado. <a href=\"https:\/\/www.marinpasalodos.com\/en\/legal-team\/nadia-godoy\/\">Ver<\/a><br \/>\n[\/team_member]<br \/>\n[\/col]<\/p>\n<p>[col span=&#8221;1\/2&#8243; ]<br \/>\n[team_member name=&#8221;Voloaga Radu&#8221; img=&#8221;https:\/\/www.marinpasalodos.com\/wp-content\/uploads\/2014\/07\/voloaga-radu.jpg&#8221;]<br \/>\nEspecialista en laboral, civil y contencioso administrativo. <a href=\"https:\/\/www.marinpasalodos.com\/en\/legal-team\/radu-voloaga\/\">Ver<\/a>[\/team_member][\/col][\/row]<\/p>\n<h2>Contestamos a tus preguntas<\/h2>\n<p>Para m\u00e1s informaci\u00f3n no duden en ponerse en contacto con nuestros profesionales que son expertos en solicitar y conseguir la nacionalidad espa\u00f1ola a favor de los interesados.<\/p>\n<p>Llama ya al <a href=\"\/\">despacho de abogados rumanos y espa\u00f1oles de Barcelona<\/a> y solicita una cita: <strong>932 006 766<\/strong> o cont\u00e1ctenos a <strong><a href=\"mailto:secretaria@marinpasalodos.com\">secretaria@marinpasalodos.com<\/a><\/strong><\/p>\n<p>Le atenderemos con profesionalismo.<\/p>\n<h2>Direcci\u00f3n de nuestro bufete de abogados de Barcelona<\/h2>\n<p>Nuestro bufete est\u00e1 ubicado a Barcelona, en Rambla de Catalu\u00f1a, 14, 3-3, 08007.<br \/>\nNuestro horario de atenci\u00f3n es de lunes a viernes, de 9 a 14 y de 16 a 20.<\/p>\n<p><a title=\"Direcci\u00f3n de nuestro bufete de abogados de Barcelona\" href=\"https:\/\/www.google.es\/maps\/place\/MARIN+%26+PASALODOS+SL\/@41.387097,2.1682873,16z\/data=!4m5!3m4!1s0x12a4a2f3acffdae9:0x7616ca48e77aab66!8m2!3d41.3883035!4d2.1677237?hl=en\" target=\"_blank\" rel=\"noopener noreferrer\"><img decoding=\"async\" class=\"alignnone wp-image-27155\" src=\"https:\/\/www.marinpasalodos.com\/wp-content\/uploads\/2014\/06\/carta-gabinete-abogados-barcelona-300x157.jpg\" alt=\"mapa bufete abogados de Barcelona\" width=\"448\" height=\"234\" srcset=\"https:\/\/www.marinpasalodos.com\/wp-content\/uploads\/2014\/06\/carta-gabinete-abogados-barcelona-300x157.jpg 300w, https:\/\/www.marinpasalodos.com\/wp-content\/uploads\/2014\/06\/carta-gabinete-abogados-barcelona-500x261.jpg 500w, https:\/\/www.marinpasalodos.com\/wp-content\/uploads\/2014\/06\/carta-gabinete-abogados-barcelona-700x366.jpg 700w, https:\/\/www.marinpasalodos.com\/wp-content\/uploads\/2014\/06\/carta-gabinete-abogados-barcelona.jpg 867w\" sizes=\"(max-width: 448px) 100vw, 448px\" \/><\/a><\/p>\n","protected":false},"excerpt":{"rendered":"<p>El despacho de abogados de Barcelona MARIN &amp; PASALODOS pone a su disposici\u00f3n un equipo de abogados y economistas que le permitir\u00e1n obtener con las m\u00e1ximas garant\u00edas la devoluci\u00f3n del importe exacto abonado indebidamente a consecuencia de cl\u00e1usulas suelo y gastos de constituci\u00f3n de hipoteca (u otras posibles cl\u00e1usulas abusivas). Cons\u00faltenos sin ning\u00fan tipo de  [&#8230;]<\/p>\n","protected":false},"author":3,"featured_media":0,"parent":27572,"menu_order":0,"comment_status":"closed","ping_status":"closed","template":"","meta":{"footnotes":""},"class_list":["post-28045","page","type-page","status-publish","hentry"],"yoast_head":"<!-- This site is optimized with the Yoast SEO plugin v27.4 - https:\/\/yoast.com\/product\/yoast-seo-wordpress\/ -->\n<title>Refund of the amount by land clauses and expenses of constitution of mortgage - Abogados Marin Pasalodos<\/title>\n<meta name=\"robots\" content=\"index, follow, max-snippet:-1, max-image-preview:large, max-video-preview:-1\" \/>\n<link rel=\"canonical\" href=\"https:\/\/www.marinpasalodos.com\/en\/legal-areas\/refund-of-the-amount-by-land-clauses-and-expenses-of-constitution-of-mortgage\/\" \/>\n<meta property=\"og:locale\" content=\"en_US\" \/>\n<meta property=\"og:type\" content=\"article\" \/>\n<meta property=\"og:title\" content=\"Refund of the amount by land clauses and expenses of constitution of mortgage - Abogados Marin Pasalodos\" \/>\n<meta property=\"og:description\" content=\"El despacho de abogados de Barcelona MARIN &amp; PASALODOS pone a su disposici\u00f3n un equipo de abogados y economistas que le permitir\u00e1n obtener con las m\u00e1ximas garant\u00edas la devoluci\u00f3n del importe exacto abonado indebidamente a consecuencia de cl\u00e1usulas suelo y gastos de constituci\u00f3n de hipoteca (u otras posibles cl\u00e1usulas abusivas). Cons\u00faltenos sin ning\u00fan tipo de [...]\" \/>\n<meta property=\"og:url\" content=\"https:\/\/www.marinpasalodos.com\/en\/legal-areas\/refund-of-the-amount-by-land-clauses-and-expenses-of-constitution-of-mortgage\/\" \/>\n<meta property=\"og:site_name\" content=\"Abogados Marin Pasalodos\" \/>\n<meta property=\"og:image\" content=\"https:\/\/www.marinpasalodos.com\/wp-content\/uploads\/2014\/06\/carta-gabinete-abogados-barcelona-300x157.jpg\" \/>\n<meta name=\"twitter:label1\" content=\"Est. reading time\" \/>\n\t<meta name=\"twitter:data1\" content=\"8 minutes\" \/>\n<script type=\"application\/ld+json\" class=\"yoast-schema-graph\">{\"@context\":\"https:\\\/\\\/schema.org\",\"@graph\":[{\"@type\":\"WebPage\",\"@id\":\"https:\\\/\\\/www.marinpasalodos.com\\\/en\\\/legal-areas\\\/refund-of-the-amount-by-land-clauses-and-expenses-of-constitution-of-mortgage\\\/\",\"url\":\"https:\\\/\\\/www.marinpasalodos.com\\\/en\\\/legal-areas\\\/refund-of-the-amount-by-land-clauses-and-expenses-of-constitution-of-mortgage\\\/\",\"name\":\"Refund of the amount by land clauses and expenses of constitution of mortgage - Abogados Marin Pasalodos\",\"isPartOf\":{\"@id\":\"https:\\\/\\\/www.marinpasalodos.com\\\/#website\"},\"primaryImageOfPage\":{\"@id\":\"https:\\\/\\\/www.marinpasalodos.com\\\/en\\\/legal-areas\\\/refund-of-the-amount-by-land-clauses-and-expenses-of-constitution-of-mortgage\\\/#primaryimage\"},\"image\":{\"@id\":\"https:\\\/\\\/www.marinpasalodos.com\\\/en\\\/legal-areas\\\/refund-of-the-amount-by-land-clauses-and-expenses-of-constitution-of-mortgage\\\/#primaryimage\"},\"thumbnailUrl\":\"https:\\\/\\\/www.marinpasalodos.com\\\/wp-content\\\/uploads\\\/2014\\\/06\\\/carta-gabinete-abogados-barcelona-300x157.jpg\",\"datePublished\":\"2019-05-29T12:42:12+00:00\",\"breadcrumb\":{\"@id\":\"https:\\\/\\\/www.marinpasalodos.com\\\/en\\\/legal-areas\\\/refund-of-the-amount-by-land-clauses-and-expenses-of-constitution-of-mortgage\\\/#breadcrumb\"},\"inLanguage\":\"en-US\",\"potentialAction\":[{\"@type\":\"ReadAction\",\"target\":[\"https:\\\/\\\/www.marinpasalodos.com\\\/en\\\/legal-areas\\\/refund-of-the-amount-by-land-clauses-and-expenses-of-constitution-of-mortgage\\\/\"]}]},{\"@type\":\"ImageObject\",\"inLanguage\":\"en-US\",\"@id\":\"https:\\\/\\\/www.marinpasalodos.com\\\/en\\\/legal-areas\\\/refund-of-the-amount-by-land-clauses-and-expenses-of-constitution-of-mortgage\\\/#primaryimage\",\"url\":\"https:\\\/\\\/www.marinpasalodos.com\\\/wp-content\\\/uploads\\\/2014\\\/06\\\/carta-gabinete-abogados-barcelona-300x157.jpg\",\"contentUrl\":\"https:\\\/\\\/www.marinpasalodos.com\\\/wp-content\\\/uploads\\\/2014\\\/06\\\/carta-gabinete-abogados-barcelona-300x157.jpg\"},{\"@type\":\"BreadcrumbList\",\"@id\":\"https:\\\/\\\/www.marinpasalodos.com\\\/en\\\/legal-areas\\\/refund-of-the-amount-by-land-clauses-and-expenses-of-constitution-of-mortgage\\\/#breadcrumb\",\"itemListElement\":[{\"@type\":\"ListItem\",\"position\":1,\"name\":\"Home\",\"item\":\"https:\\\/\\\/www.marinpasalodos.com\\\/en\\\/\"},{\"@type\":\"ListItem\",\"position\":2,\"name\":\"LEGAL AREAS\",\"item\":\"https:\\\/\\\/www.marinpasalodos.com\\\/en\\\/legal-areas\\\/\"},{\"@type\":\"ListItem\",\"position\":3,\"name\":\"Refund of the amount by land clauses and expenses of constitution of mortgage\"}]},{\"@type\":\"WebSite\",\"@id\":\"https:\\\/\\\/www.marinpasalodos.com\\\/#website\",\"url\":\"https:\\\/\\\/www.marinpasalodos.com\\\/\",\"name\":\"Abogados Marin Pasalodos\",\"description\":\"Bufete de abogados en Barcelona Marin\",\"potentialAction\":[{\"@type\":\"SearchAction\",\"target\":{\"@type\":\"EntryPoint\",\"urlTemplate\":\"https:\\\/\\\/www.marinpasalodos.com\\\/?s={search_term_string}\"},\"query-input\":{\"@type\":\"PropertyValueSpecification\",\"valueRequired\":true,\"valueName\":\"search_term_string\"}}],\"inLanguage\":\"en-US\"}]}<\/script>\n<!-- \/ Yoast SEO plugin. -->","yoast_head_json":{"title":"Refund of the amount by land clauses and expenses of constitution of mortgage - Abogados Marin Pasalodos","robots":{"index":"index","follow":"follow","max-snippet":"max-snippet:-1","max-image-preview":"max-image-preview:large","max-video-preview":"max-video-preview:-1"},"canonical":"https:\/\/www.marinpasalodos.com\/en\/legal-areas\/refund-of-the-amount-by-land-clauses-and-expenses-of-constitution-of-mortgage\/","og_locale":"en_US","og_type":"article","og_title":"Refund of the amount by land clauses and expenses of constitution of mortgage - Abogados Marin Pasalodos","og_description":"El despacho de abogados de Barcelona MARIN &amp; PASALODOS pone a su disposici\u00f3n un equipo de abogados y economistas que le permitir\u00e1n obtener con las m\u00e1ximas garant\u00edas la devoluci\u00f3n del importe exacto abonado indebidamente a consecuencia de cl\u00e1usulas suelo y gastos de constituci\u00f3n de hipoteca (u otras posibles cl\u00e1usulas abusivas). Cons\u00faltenos sin ning\u00fan tipo de [...]","og_url":"https:\/\/www.marinpasalodos.com\/en\/legal-areas\/refund-of-the-amount-by-land-clauses-and-expenses-of-constitution-of-mortgage\/","og_site_name":"Abogados Marin Pasalodos","og_image":[{"url":"https:\/\/www.marinpasalodos.com\/wp-content\/uploads\/2014\/06\/carta-gabinete-abogados-barcelona-300x157.jpg","type":"","width":"","height":""}],"twitter_misc":{"Est. reading time":"8 minutes"},"schema":{"@context":"https:\/\/schema.org","@graph":[{"@type":"WebPage","@id":"https:\/\/www.marinpasalodos.com\/en\/legal-areas\/refund-of-the-amount-by-land-clauses-and-expenses-of-constitution-of-mortgage\/","url":"https:\/\/www.marinpasalodos.com\/en\/legal-areas\/refund-of-the-amount-by-land-clauses-and-expenses-of-constitution-of-mortgage\/","name":"Refund of the amount by land clauses and expenses of constitution of mortgage - Abogados Marin Pasalodos","isPartOf":{"@id":"https:\/\/www.marinpasalodos.com\/#website"},"primaryImageOfPage":{"@id":"https:\/\/www.marinpasalodos.com\/en\/legal-areas\/refund-of-the-amount-by-land-clauses-and-expenses-of-constitution-of-mortgage\/#primaryimage"},"image":{"@id":"https:\/\/www.marinpasalodos.com\/en\/legal-areas\/refund-of-the-amount-by-land-clauses-and-expenses-of-constitution-of-mortgage\/#primaryimage"},"thumbnailUrl":"https:\/\/www.marinpasalodos.com\/wp-content\/uploads\/2014\/06\/carta-gabinete-abogados-barcelona-300x157.jpg","datePublished":"2019-05-29T12:42:12+00:00","breadcrumb":{"@id":"https:\/\/www.marinpasalodos.com\/en\/legal-areas\/refund-of-the-amount-by-land-clauses-and-expenses-of-constitution-of-mortgage\/#breadcrumb"},"inLanguage":"en-US","potentialAction":[{"@type":"ReadAction","target":["https:\/\/www.marinpasalodos.com\/en\/legal-areas\/refund-of-the-amount-by-land-clauses-and-expenses-of-constitution-of-mortgage\/"]}]},{"@type":"ImageObject","inLanguage":"en-US","@id":"https:\/\/www.marinpasalodos.com\/en\/legal-areas\/refund-of-the-amount-by-land-clauses-and-expenses-of-constitution-of-mortgage\/#primaryimage","url":"https:\/\/www.marinpasalodos.com\/wp-content\/uploads\/2014\/06\/carta-gabinete-abogados-barcelona-300x157.jpg","contentUrl":"https:\/\/www.marinpasalodos.com\/wp-content\/uploads\/2014\/06\/carta-gabinete-abogados-barcelona-300x157.jpg"},{"@type":"BreadcrumbList","@id":"https:\/\/www.marinpasalodos.com\/en\/legal-areas\/refund-of-the-amount-by-land-clauses-and-expenses-of-constitution-of-mortgage\/#breadcrumb","itemListElement":[{"@type":"ListItem","position":1,"name":"Home","item":"https:\/\/www.marinpasalodos.com\/en\/"},{"@type":"ListItem","position":2,"name":"LEGAL AREAS","item":"https:\/\/www.marinpasalodos.com\/en\/legal-areas\/"},{"@type":"ListItem","position":3,"name":"Refund of the amount by land clauses and expenses of constitution of mortgage"}]},{"@type":"WebSite","@id":"https:\/\/www.marinpasalodos.com\/#website","url":"https:\/\/www.marinpasalodos.com\/","name":"Abogados Marin Pasalodos","description":"Bufete de abogados en Barcelona Marin","potentialAction":[{"@type":"SearchAction","target":{"@type":"EntryPoint","urlTemplate":"https:\/\/www.marinpasalodos.com\/?s={search_term_string}"},"query-input":{"@type":"PropertyValueSpecification","valueRequired":true,"valueName":"search_term_string"}}],"inLanguage":"en-US"}]}},"_links":{"self":[{"href":"https:\/\/www.marinpasalodos.com\/en\/wp-json\/wp\/v2\/pages\/28045","targetHints":{"allow":["GET"]}}],"collection":[{"href":"https:\/\/www.marinpasalodos.com\/en\/wp-json\/wp\/v2\/pages"}],"about":[{"href":"https:\/\/www.marinpasalodos.com\/en\/wp-json\/wp\/v2\/types\/page"}],"author":[{"embeddable":true,"href":"https:\/\/www.marinpasalodos.com\/en\/wp-json\/wp\/v2\/users\/3"}],"replies":[{"embeddable":true,"href":"https:\/\/www.marinpasalodos.com\/en\/wp-json\/wp\/v2\/comments?post=28045"}],"version-history":[{"count":1,"href":"https:\/\/www.marinpasalodos.com\/en\/wp-json\/wp\/v2\/pages\/28045\/revisions"}],"predecessor-version":[{"id":28046,"href":"https:\/\/www.marinpasalodos.com\/en\/wp-json\/wp\/v2\/pages\/28045\/revisions\/28046"}],"up":[{"embeddable":true,"href":"https:\/\/www.marinpasalodos.com\/en\/wp-json\/wp\/v2\/pages\/27572"}],"wp:attachment":[{"href":"https:\/\/www.marinpasalodos.com\/en\/wp-json\/wp\/v2\/media?parent=28045"}],"curies":[{"name":"wp","href":"https:\/\/api.w.org\/{rel}","templated":true}]}}