{"id":28051,"date":"2019-05-29T12:50:03","date_gmt":"2019-05-29T12:50:03","guid":{"rendered":"https:\/\/www.marinpasalodos.com\/?page_id=28051"},"modified":"2019-05-29T12:50:03","modified_gmt":"2019-05-29T12:50:03","slug":"service-refunds-policy","status":"publish","type":"page","link":"https:\/\/www.marinpasalodos.com\/en\/service-refunds-policy\/","title":{"rendered":"Service refunds policy"},"content":{"rendered":"<p>Se proceder\u00e1 a la devoluci\u00f3n del importe ingresado en el caso de que el producto fuese imposible de atender, prohibido, incomprensible o cualquier otra causa que el propietario de la p\u00e1gina web considere, reserv\u00e1ndose \u00e9ste \u00faltimo la cancelaci\u00f3n del servicio sin necesidad de acreditar causa alguna, oblig\u00e1ndose a la devoluci\u00f3n de la cantidad abonada en el plazo de 72 horas desde el momento de la solicitud del servicio.<\/p>\n<p>El consumidor tendr\u00e1 derecho al reembolso de la cantidad abonada si en el plazo estipulado no se ha procedido a prestar el servicio solicitado.<\/p>\n<p>En el caso de que para proceder a la prestaci\u00f3n del servicio se necesitare, por su complejidad, m\u00e1s documentaci\u00f3n, m\u00e1s datos, o bien sucesivos contactos, dejar\u00e1 de aplicarse la obligaci\u00f3n para el propietario de la web de prestar el servicio en un plazo estipulado, debiendo hacerlo constar as\u00ed al consumidor, quien podr\u00e1 optar entre la devoluci\u00f3n de la cantidad entregada o continuar el procedimiento con los requisitos solicitados por el propietario web.<\/p>\n<p>El propietario de la web no se hace cargo de la devoluci\u00f3n de la cantidad en caso de que el consumidor considerase que no ha sido correctamente prestado el servicio, si el mismo se hizo en el plazo estipulado, debiendo a tal efecto alegar cualquier contingencia en el apartado de \u201cincidencias\u201d que contiene la web.<\/p>\n","protected":false},"excerpt":{"rendered":"<p>Se proceder\u00e1 a la devoluci\u00f3n del importe ingresado en el caso de que el producto fuese imposible de atender, prohibido, incomprensible o cualquier otra causa que el propietario de la p\u00e1gina web considere, reserv\u00e1ndose \u00e9ste \u00faltimo la cancelaci\u00f3n del servicio sin necesidad de acreditar causa alguna, oblig\u00e1ndose a la devoluci\u00f3n de la cantidad abonada en  [&#8230;]<\/p>\n","protected":false},"author":3,"featured_media":0,"parent":0,"menu_order":0,"comment_status":"closed","ping_status":"closed","template":"","meta":{"footnotes":""},"class_list":["post-28051","page","type-page","status-publish","hentry"],"yoast_head":"<!-- This site is optimized with the Yoast SEO plugin v26.8 - https:\/\/yoast.com\/product\/yoast-seo-wordpress\/ -->\n<title>Service refunds policy - Abogados Marin Pasalodos<\/title>\n<meta name=\"robots\" content=\"index, follow, max-snippet:-1, max-image-preview:large, max-video-preview:-1\" \/>\n<link rel=\"canonical\" href=\"https:\/\/www.marinpasalodos.com\/en\/service-refunds-policy\/\" \/>\n<meta property=\"og:locale\" content=\"en_US\" \/>\n<meta property=\"og:type\" content=\"article\" \/>\n<meta property=\"og:title\" content=\"Service refunds policy - Abogados Marin Pasalodos\" \/>\n<meta property=\"og:description\" content=\"Se proceder\u00e1 a la devoluci\u00f3n del importe ingresado en el caso de que el producto fuese imposible de atender, prohibido, incomprensible o cualquier otra causa que el propietario de la p\u00e1gina web considere, reserv\u00e1ndose \u00e9ste \u00faltimo la cancelaci\u00f3n del servicio sin necesidad de acreditar causa alguna, oblig\u00e1ndose a la devoluci\u00f3n de la cantidad abonada en [...]\" \/>\n<meta property=\"og:url\" content=\"https:\/\/www.marinpasalodos.com\/en\/service-refunds-policy\/\" \/>\n<meta property=\"og:site_name\" content=\"Abogados Marin Pasalodos\" \/>\n<meta name=\"twitter:label1\" content=\"Est. reading time\" \/>\n\t<meta name=\"twitter:data1\" content=\"1 minute\" \/>\n<script type=\"application\/ld+json\" class=\"yoast-schema-graph\">{\"@context\":\"https:\/\/schema.org\",\"@graph\":[{\"@type\":\"WebPage\",\"@id\":\"https:\/\/www.marinpasalodos.com\/en\/service-refunds-policy\/\",\"url\":\"https:\/\/www.marinpasalodos.com\/en\/service-refunds-policy\/\",\"name\":\"Service refunds policy - Abogados Marin Pasalodos\",\"isPartOf\":{\"@id\":\"https:\/\/www.marinpasalodos.com\/#website\"},\"datePublished\":\"2019-05-29T12:50:03+00:00\",\"breadcrumb\":{\"@id\":\"https:\/\/www.marinpasalodos.com\/en\/service-refunds-policy\/#breadcrumb\"},\"inLanguage\":\"en-US\",\"potentialAction\":[{\"@type\":\"ReadAction\",\"target\":[\"https:\/\/www.marinpasalodos.com\/en\/service-refunds-policy\/\"]}]},{\"@type\":\"BreadcrumbList\",\"@id\":\"https:\/\/www.marinpasalodos.com\/en\/service-refunds-policy\/#breadcrumb\",\"itemListElement\":[{\"@type\":\"ListItem\",\"position\":1,\"name\":\"Home\",\"item\":\"https:\/\/www.marinpasalodos.com\/en\/\"},{\"@type\":\"ListItem\",\"position\":2,\"name\":\"Service refunds policy\"}]},{\"@type\":\"WebSite\",\"@id\":\"https:\/\/www.marinpasalodos.com\/#website\",\"url\":\"https:\/\/www.marinpasalodos.com\/\",\"name\":\"Abogados Marin Pasalodos\",\"description\":\"Bufete de abogados en Barcelona Marin\",\"potentialAction\":[{\"@type\":\"SearchAction\",\"target\":{\"@type\":\"EntryPoint\",\"urlTemplate\":\"https:\/\/www.marinpasalodos.com\/?s={search_term_string}\"},\"query-input\":{\"@type\":\"PropertyValueSpecification\",\"valueRequired\":true,\"valueName\":\"search_term_string\"}}],\"inLanguage\":\"en-US\"}]}<\/script>\n<!-- \/ Yoast SEO plugin. -->","yoast_head_json":{"title":"Service refunds policy - Abogados Marin Pasalodos","robots":{"index":"index","follow":"follow","max-snippet":"max-snippet:-1","max-image-preview":"max-image-preview:large","max-video-preview":"max-video-preview:-1"},"canonical":"https:\/\/www.marinpasalodos.com\/en\/service-refunds-policy\/","og_locale":"en_US","og_type":"article","og_title":"Service refunds policy - Abogados Marin Pasalodos","og_description":"Se proceder\u00e1 a la devoluci\u00f3n del importe ingresado en el caso de que el producto fuese imposible de atender, prohibido, incomprensible o cualquier otra causa que el propietario de la p\u00e1gina web considere, reserv\u00e1ndose \u00e9ste \u00faltimo la cancelaci\u00f3n del servicio sin necesidad de acreditar causa alguna, oblig\u00e1ndose a la devoluci\u00f3n de la cantidad abonada en [...]","og_url":"https:\/\/www.marinpasalodos.com\/en\/service-refunds-policy\/","og_site_name":"Abogados Marin Pasalodos","twitter_misc":{"Est. reading time":"1 minute"},"schema":{"@context":"https:\/\/schema.org","@graph":[{"@type":"WebPage","@id":"https:\/\/www.marinpasalodos.com\/en\/service-refunds-policy\/","url":"https:\/\/www.marinpasalodos.com\/en\/service-refunds-policy\/","name":"Service refunds policy - Abogados Marin Pasalodos","isPartOf":{"@id":"https:\/\/www.marinpasalodos.com\/#website"},"datePublished":"2019-05-29T12:50:03+00:00","breadcrumb":{"@id":"https:\/\/www.marinpasalodos.com\/en\/service-refunds-policy\/#breadcrumb"},"inLanguage":"en-US","potentialAction":[{"@type":"ReadAction","target":["https:\/\/www.marinpasalodos.com\/en\/service-refunds-policy\/"]}]},{"@type":"BreadcrumbList","@id":"https:\/\/www.marinpasalodos.com\/en\/service-refunds-policy\/#breadcrumb","itemListElement":[{"@type":"ListItem","position":1,"name":"Home","item":"https:\/\/www.marinpasalodos.com\/en\/"},{"@type":"ListItem","position":2,"name":"Service refunds policy"}]},{"@type":"WebSite","@id":"https:\/\/www.marinpasalodos.com\/#website","url":"https:\/\/www.marinpasalodos.com\/","name":"Abogados Marin Pasalodos","description":"Bufete de abogados en Barcelona Marin","potentialAction":[{"@type":"SearchAction","target":{"@type":"EntryPoint","urlTemplate":"https:\/\/www.marinpasalodos.com\/?s={search_term_string}"},"query-input":{"@type":"PropertyValueSpecification","valueRequired":true,"valueName":"search_term_string"}}],"inLanguage":"en-US"}]}},"_links":{"self":[{"href":"https:\/\/www.marinpasalodos.com\/en\/wp-json\/wp\/v2\/pages\/28051","targetHints":{"allow":["GET"]}}],"collection":[{"href":"https:\/\/www.marinpasalodos.com\/en\/wp-json\/wp\/v2\/pages"}],"about":[{"href":"https:\/\/www.marinpasalodos.com\/en\/wp-json\/wp\/v2\/types\/page"}],"author":[{"embeddable":true,"href":"https:\/\/www.marinpasalodos.com\/en\/wp-json\/wp\/v2\/users\/3"}],"replies":[{"embeddable":true,"href":"https:\/\/www.marinpasalodos.com\/en\/wp-json\/wp\/v2\/comments?post=28051"}],"version-history":[{"count":1,"href":"https:\/\/www.marinpasalodos.com\/en\/wp-json\/wp\/v2\/pages\/28051\/revisions"}],"predecessor-version":[{"id":28052,"href":"https:\/\/www.marinpasalodos.com\/en\/wp-json\/wp\/v2\/pages\/28051\/revisions\/28052"}],"wp:attachment":[{"href":"https:\/\/www.marinpasalodos.com\/en\/wp-json\/wp\/v2\/media?parent=28051"}],"curies":[{"name":"wp","href":"https:\/\/api.w.org\/{rel}","templated":true}]}}