{"id":270,"date":"2014-06-24T17:05:55","date_gmt":"2014-06-24T17:05:55","guid":{"rendered":"https:\/\/www.marinpasalodos.com\/equipo\/nadia-godoy\/"},"modified":"2020-02-18T12:54:29","modified_gmt":"2020-02-18T12:54:29","slug":"nadia-godoy","status":"publish","type":"page","link":"https:\/\/www.marinpasalodos.com\/ro\/echipa-noastra\/nadia-godoy\/","title":{"rendered":"Avocata Nadia Godoy"},"content":{"rendered":"<p><div class=\"fusion-fullwidth fullwidth-box fusion-builder-row-1 nonhundred-percent-fullwidth non-hundred-percent-height-scrolling\" style=\"--awb-border-radius-top-left:0px;--awb-border-radius-top-right:0px;--awb-border-radius-bottom-right:0px;--awb-border-radius-bottom-left:0px;--awb-flex-wrap:wrap;\" ><div class=\"fusion-builder-row fusion-row\"><div class=\"fusion-layout-column fusion_builder_column fusion-builder-column-0 fusion_builder_column_1_1 1_1 fusion-one-full fusion-column-first fusion-column-last\" style=\"--awb-bg-size:cover;--awb-margin-bottom:0px;\"><div class=\"fusion-column-wrapper fusion-flex-column-wrapper-legacy\"><div class=\"fusion-title title fusion-title-1 fusion-title-text fusion-title-size-one\"><h1 class=\"fusion-title-heading title-heading-left\" style=\"margin:0;\">Avocata Nadia Godoy Torres<\/h1><span class=\"awb-title-spacer\"><\/span><div class=\"title-sep-container\"><div class=\"title-sep sep- sep-solid\" style=\"border-color:#e0dede;\"><\/div><\/div><\/div><div class=\"fusion-image-element in-legacy-container\" style=\"--awb-caption-title-font-family:var(--h2_typography-font-family);--awb-caption-title-font-weight:var(--h2_typography-font-weight);--awb-caption-title-font-style:var(--h2_typography-font-style);--awb-caption-title-size:var(--h2_typography-font-size);--awb-caption-title-transform:var(--h2_typography-text-transform);--awb-caption-title-line-height:var(--h2_typography-line-height);--awb-caption-title-letter-spacing:var(--h2_typography-letter-spacing);\"><span class=\" fusion-imageframe imageframe-none imageframe-1 hover-type-none\"><img decoding=\"async\" width=\"1250\" height=\"632\" alt=\"abogada derecho laboral Barcelona\" title=\"_MG_6385\" src=\"https:\/\/www.marinpasalodos.com\/wp-content\/uploads\/2020\/02\/MG_6385.jpg\" class=\"img-responsive wp-image-28880\" srcset=\"https:\/\/www.marinpasalodos.com\/wp-content\/uploads\/2020\/02\/MG_6385-200x101.jpg 200w, https:\/\/www.marinpasalodos.com\/wp-content\/uploads\/2020\/02\/MG_6385-400x202.jpg 400w, https:\/\/www.marinpasalodos.com\/wp-content\/uploads\/2020\/02\/MG_6385-600x303.jpg 600w, https:\/\/www.marinpasalodos.com\/wp-content\/uploads\/2020\/02\/MG_6385-800x404.jpg 800w, https:\/\/www.marinpasalodos.com\/wp-content\/uploads\/2020\/02\/MG_6385-1200x607.jpg 1200w, https:\/\/www.marinpasalodos.com\/wp-content\/uploads\/2020\/02\/MG_6385.jpg 1250w\" sizes=\"(max-width: 850px) 100vw, 1200px\" \/><\/span><\/div><div class=\"fusion-clearfix\"><\/div><\/div><\/div><\/div><\/div><div class=\"fusion-fullwidth fullwidth-box fusion-builder-row-2 nonhundred-percent-fullwidth non-hundred-percent-height-scrolling fusion-equal-height-columns\" style=\"--awb-border-radius-top-left:0px;--awb-border-radius-top-right:0px;--awb-border-radius-bottom-right:0px;--awb-border-radius-bottom-left:0px;--awb-padding-top:50px;--awb-flex-wrap:wrap;\" ><div class=\"fusion-builder-row fusion-row\"><div class=\"fusion-layout-column fusion_builder_column fusion-builder-column-1 fusion_builder_column_1_1 1_1 fusion-one-full fusion-column-first fusion-column-last fusion-column-no-min-height\" style=\"--awb-padding-top:5px;--awb-padding-right:5px;--awb-padding-bottom:5px;--awb-padding-left:5px;--awb-bg-color:#ffffff;--awb-bg-color-hover:#ffffff;--awb-bg-size:cover;--awb-margin-bottom:0px;\"><div class=\"fusion-column-wrapper fusion-column-has-shadow fusion-flex-column-wrapper-legacy\"><div class=\"fusion-text fusion-text-1\"><p class=\"big\"><strong>Avocata NADIA GODOY TORRES<\/strong> este absolventa a facultatii de Drept din cadrul Universitatii de stat din orasul Havana, Cuba inca din anul 1989.<\/p>\n<p>Cativa ani mai tarziu, Doamna Avocat <strong>Nadia Torres Godoy<\/strong>, a promovat un <strong>Master in Drept International Privat<\/strong> specializandu-se in redactarea si interpretarea contractelor internationale si bineinteles in aplicarea, interpretarea legilor nationale intr-un cadru international, in cauzele in care, partile apartin unor state diferite.<\/p>\n<p><strong>NADIA GODOY TORRES<\/strong>, a exercitat profesia de avocat in Cuba, apartinand <strong>Organizatiei Nationale de Cabinete de Avocatura colective, specialiandu-se in Dreptul Penal, Dreptul International Privat, precum si in Dreptul Civil, Dreptul Familiei si cel Administrativ.<\/strong><\/p>\n<p>Dornica de a-si depasi lim\u00edtele profesionale si datorita unor circumstante personale, in anul 1998, a decis sa locuiasca in Spania si sa isi omologheze titlul de avocat, obtinand acest titlu in Spania trei ani mai tarziu, in 2001, reusind sa aiba un traiect profesional plin de succes, rezultate excelente si recunoastere internationala.<\/p>\n<p><strong>NADIA GODOY TORRES<\/strong>, in cei 25 de ani de cariera a avut ca deviz loialitatea fata de client si un mare coeficient profesional si de pregatire jur\u00eddica in rezolvarea cauzelor care i-au fost incredintate.<\/p>\n<p><strong>Avocata NADIA GODOY TORRES<\/strong> dispune de o mare capac\u00edtate de comunicare ce a dobandit-o pe parcursul exercitarii profesiei de avocat care, de asemenea, a condus la dezvoltarea unor abilit\u0103\u0163i de organizare, comunicare, lucrul \u00een echip\u0103 \u015fi abilit\u0103\u0163i de concentrare. O avocata pledanta foarte eficienta si valoroasa, care este obisnuita sa castige procese ce au dovedit a avea un grad ridicat de complexitate.<\/p>\n<p><strong>Doamna Nadia Godoy<\/strong>, combina experienta acumulata in Cuba cu cea din ultimii ani exercitati in Spania, reusind, astfel, sa aiba viziunea a doua legislatii foarte diferite, insa complementare la origine, doua metode de lucru diferite, doua tipuri de strategii juridice, precum si abilitatea de a indruma, ajuta clientii ce au nevoie de un avocat expert in ambele legislatii. Mai mult decat atat, <strong>Doamna Avocat Nadia Godoy<\/strong>, a avut sansa de a studia legislatia altor state, ca de exemplu legislatia Federatiei Ruse.<\/p>\n<p><strong>NADIA GODOY TORRES<\/strong>, este o profesionista in drept, serioasa, diligenta si capabila de a comunica atat in limba materna, limba spaniola cat si in limba engleza, studiind la Scoala Internationala din Havana, Cuba.<\/p>\n<p>In prezent, la inceputul anului 2014, Florentina Marin impreuna cu asociatul sau, Tom\u00e1s Pasalodos Gibert si colaboratoarea acestora, Doamna traducator, Cristina Saftoiu, au infiintat un <a href=\"\/ro\/\">birou de avocatura in Barcelona<\/a> destinat a satisface toate necesitatile clientilor, sustinuti in acest proiect si de Doamna Nadia Godoy oferind servicii juridice competente menite sa satisfaca nevoile tuturor clientilor, in aproape toate ramurile de Drept:<\/p>\n<ul>\n<li><a href=\"https:\/\/www.marinpasalodos.com\/ro\/specializari-in-drept\/avocati-specializati-in-dreptul-penal\/\">DREPT PENAL<\/a><\/li>\n<li>DREPTUL MUNCII<\/li>\n<li>DREPTUL FAMILIEI<\/li>\n<li><a href=\"https:\/\/www.marinpasalodos.com\/ro\/specializari-in-drept\/avocati-specializati-in-dreptul-civil\/\">DREPTUL CIVIL<\/a><\/li>\n<li>DREPT ADMINISTRATIV<\/li>\n<li><a href=\"https:\/\/www.marinpasalodos.com\/ro\/specializari-in-drept\/drept-international-privat\/\">DREPT INTERNATIONAL PRIVAT<\/a><\/li>\n<li>DREPT COMERCIAL<\/li>\n<\/ul>\n<\/div><div class=\"fusion-aligncenter\"><a class=\"fusion-button button-flat button-xlarge button-default fusion-button-default button-1 fusion-button-default-span fusion-button-default-type\" target=\"_self\" href=\"tel:932006766\"><span class=\"fusion-button-text awb-button__text awb-button__text--default\">TELEFONATI-NE<\/span><\/a><\/div><\/br><div class=\"fusion-clearfix\"><\/div><\/div><\/div><\/div><\/div><\/p>\n","protected":false},"excerpt":{"rendered":"","protected":false},"author":5,"featured_media":0,"parent":235,"menu_order":0,"comment_status":"closed","ping_status":"open","template":"","meta":{"footnotes":""},"class_list":["post-270","page","type-page","status-publish","hentry"],"yoast_head":"<!-- This site is optimized with the Yoast SEO plugin v26.8 - https:\/\/yoast.com\/product\/yoast-seo-wordpress\/ -->\n<title>Avocata Nadia Godoy - Abogados Marin Pasalodos<\/title>\n<meta name=\"description\" content=\"Doamna Nadia Godoy, combina experienta acumulata in Cuba cu cea din Spania. Este o profesionista in drept, serioasa, diligenta si capabila\" \/>\n<meta name=\"robots\" content=\"index, follow, max-snippet:-1, max-image-preview:large, max-video-preview:-1\" \/>\n<link rel=\"canonical\" href=\"https:\/\/www.marinpasalodos.com\/ro\/echipa-noastra\/nadia-godoy\/\" \/>\n<meta property=\"og:locale\" content=\"ro_RO\" \/>\n<meta property=\"og:type\" content=\"article\" \/>\n<meta property=\"og:title\" content=\"Avocata Nadia Godoy - Abogados Marin Pasalodos\" \/>\n<meta property=\"og:description\" content=\"Doamna Nadia Godoy, combina experienta acumulata in Cuba cu cea din Spania. Este o profesionista in drept, serioasa, diligenta si capabila\" \/>\n<meta property=\"og:url\" content=\"https:\/\/www.marinpasalodos.com\/ro\/echipa-noastra\/nadia-godoy\/\" \/>\n<meta property=\"og:site_name\" content=\"Abogados Marin Pasalodos\" \/>\n<meta property=\"article:modified_time\" content=\"2020-02-18T12:54:29+00:00\" \/>\n<meta name=\"twitter:label1\" content=\"Timp estimat pentru citire\" \/>\n\t<meta name=\"twitter:data1\" content=\"6 minute\" \/>\n<script type=\"application\/ld+json\" class=\"yoast-schema-graph\">{\"@context\":\"https:\/\/schema.org\",\"@graph\":[{\"@type\":\"WebPage\",\"@id\":\"https:\/\/www.marinpasalodos.com\/ro\/echipa-noastra\/nadia-godoy\/\",\"url\":\"https:\/\/www.marinpasalodos.com\/ro\/echipa-noastra\/nadia-godoy\/\",\"name\":\"Avocata Nadia Godoy - Abogados Marin Pasalodos\",\"isPartOf\":{\"@id\":\"https:\/\/www.marinpasalodos.com\/#website\"},\"datePublished\":\"2014-06-24T17:05:55+00:00\",\"dateModified\":\"2020-02-18T12:54:29+00:00\",\"description\":\"Doamna Nadia Godoy, combina experienta acumulata in Cuba cu cea din Spania. Este o profesionista in drept, serioasa, diligenta si capabila\",\"breadcrumb\":{\"@id\":\"https:\/\/www.marinpasalodos.com\/ro\/echipa-noastra\/nadia-godoy\/#breadcrumb\"},\"inLanguage\":\"ro-RO\",\"potentialAction\":[{\"@type\":\"ReadAction\",\"target\":[\"https:\/\/www.marinpasalodos.com\/ro\/echipa-noastra\/nadia-godoy\/\"]}]},{\"@type\":\"BreadcrumbList\",\"@id\":\"https:\/\/www.marinpasalodos.com\/ro\/echipa-noastra\/nadia-godoy\/#breadcrumb\",\"itemListElement\":[{\"@type\":\"ListItem\",\"position\":1,\"name\":\"Home\",\"item\":\"https:\/\/www.marinpasalodos.com\/ro\/\"},{\"@type\":\"ListItem\",\"position\":2,\"name\":\"Echipa noastra\",\"item\":\"https:\/\/www.marinpasalodos.com\/ro\/echipa-noastra\/\"},{\"@type\":\"ListItem\",\"position\":3,\"name\":\"Avocata Nadia Godoy\"}]},{\"@type\":\"WebSite\",\"@id\":\"https:\/\/www.marinpasalodos.com\/#website\",\"url\":\"https:\/\/www.marinpasalodos.com\/\",\"name\":\"Abogados Marin Pasalodos\",\"description\":\"Bufete de abogados en Barcelona Marin\",\"potentialAction\":[{\"@type\":\"SearchAction\",\"target\":{\"@type\":\"EntryPoint\",\"urlTemplate\":\"https:\/\/www.marinpasalodos.com\/?s={search_term_string}\"},\"query-input\":{\"@type\":\"PropertyValueSpecification\",\"valueRequired\":true,\"valueName\":\"search_term_string\"}}],\"inLanguage\":\"ro-RO\"}]}<\/script>\n<!-- \/ Yoast SEO plugin. -->","yoast_head_json":{"title":"Avocata Nadia Godoy - Abogados Marin Pasalodos","description":"Doamna Nadia Godoy, combina experienta acumulata in Cuba cu cea din Spania. Este o profesionista in drept, serioasa, diligenta si capabila","robots":{"index":"index","follow":"follow","max-snippet":"max-snippet:-1","max-image-preview":"max-image-preview:large","max-video-preview":"max-video-preview:-1"},"canonical":"https:\/\/www.marinpasalodos.com\/ro\/echipa-noastra\/nadia-godoy\/","og_locale":"ro_RO","og_type":"article","og_title":"Avocata Nadia Godoy - Abogados Marin Pasalodos","og_description":"Doamna Nadia Godoy, combina experienta acumulata in Cuba cu cea din Spania. Este o profesionista in drept, serioasa, diligenta si capabila","og_url":"https:\/\/www.marinpasalodos.com\/ro\/echipa-noastra\/nadia-godoy\/","og_site_name":"Abogados Marin Pasalodos","article_modified_time":"2020-02-18T12:54:29+00:00","twitter_misc":{"Timp estimat pentru citire":"6 minute"},"schema":{"@context":"https:\/\/schema.org","@graph":[{"@type":"WebPage","@id":"https:\/\/www.marinpasalodos.com\/ro\/echipa-noastra\/nadia-godoy\/","url":"https:\/\/www.marinpasalodos.com\/ro\/echipa-noastra\/nadia-godoy\/","name":"Avocata Nadia Godoy - Abogados Marin Pasalodos","isPartOf":{"@id":"https:\/\/www.marinpasalodos.com\/#website"},"datePublished":"2014-06-24T17:05:55+00:00","dateModified":"2020-02-18T12:54:29+00:00","description":"Doamna Nadia Godoy, combina experienta acumulata in Cuba cu cea din Spania. Este o profesionista in drept, serioasa, diligenta si capabila","breadcrumb":{"@id":"https:\/\/www.marinpasalodos.com\/ro\/echipa-noastra\/nadia-godoy\/#breadcrumb"},"inLanguage":"ro-RO","potentialAction":[{"@type":"ReadAction","target":["https:\/\/www.marinpasalodos.com\/ro\/echipa-noastra\/nadia-godoy\/"]}]},{"@type":"BreadcrumbList","@id":"https:\/\/www.marinpasalodos.com\/ro\/echipa-noastra\/nadia-godoy\/#breadcrumb","itemListElement":[{"@type":"ListItem","position":1,"name":"Home","item":"https:\/\/www.marinpasalodos.com\/ro\/"},{"@type":"ListItem","position":2,"name":"Echipa noastra","item":"https:\/\/www.marinpasalodos.com\/ro\/echipa-noastra\/"},{"@type":"ListItem","position":3,"name":"Avocata Nadia Godoy"}]},{"@type":"WebSite","@id":"https:\/\/www.marinpasalodos.com\/#website","url":"https:\/\/www.marinpasalodos.com\/","name":"Abogados Marin Pasalodos","description":"Bufete de abogados en Barcelona Marin","potentialAction":[{"@type":"SearchAction","target":{"@type":"EntryPoint","urlTemplate":"https:\/\/www.marinpasalodos.com\/?s={search_term_string}"},"query-input":{"@type":"PropertyValueSpecification","valueRequired":true,"valueName":"search_term_string"}}],"inLanguage":"ro-RO"}]}},"_links":{"self":[{"href":"https:\/\/www.marinpasalodos.com\/ro\/wp-json\/wp\/v2\/pages\/270","targetHints":{"allow":["GET"]}}],"collection":[{"href":"https:\/\/www.marinpasalodos.com\/ro\/wp-json\/wp\/v2\/pages"}],"about":[{"href":"https:\/\/www.marinpasalodos.com\/ro\/wp-json\/wp\/v2\/types\/page"}],"author":[{"embeddable":true,"href":"https:\/\/www.marinpasalodos.com\/ro\/wp-json\/wp\/v2\/users\/5"}],"replies":[{"embeddable":true,"href":"https:\/\/www.marinpasalodos.com\/ro\/wp-json\/wp\/v2\/comments?post=270"}],"version-history":[{"count":15,"href":"https:\/\/www.marinpasalodos.com\/ro\/wp-json\/wp\/v2\/pages\/270\/revisions"}],"predecessor-version":[{"id":28971,"href":"https:\/\/www.marinpasalodos.com\/ro\/wp-json\/wp\/v2\/pages\/270\/revisions\/28971"}],"up":[{"embeddable":true,"href":"https:\/\/www.marinpasalodos.com\/ro\/wp-json\/wp\/v2\/pages\/235"}],"wp:attachment":[{"href":"https:\/\/www.marinpasalodos.com\/ro\/wp-json\/wp\/v2\/media?parent=270"}],"curies":[{"name":"wp","href":"https:\/\/api.w.org\/{rel}","templated":true}]}}