{"id":28043,"date":"2019-05-29T10:50:35","date_gmt":"2019-05-29T10:50:35","guid":{"rendered":"https:\/\/www.marinpasalodos.com\/?page_id=28043"},"modified":"2024-02-24T10:26:36","modified_gmt":"2024-02-24T10:26:36","slug":"testimoniale-clienti-cabinet-avocatura-barcelona","status":"publish","type":"page","link":"https:\/\/www.marinpasalodos.com\/ro\/testimoniale-clienti-cabinet-avocatura-barcelona\/","title":{"rendered":"Testimoniale clienti"},"content":{"rendered":"<p>Clien\u021bii <a href=\"\/ro\/\">cabinetului nostru de avocatur\u0103 din Barcelona<\/a> sunt mul\u021bumi\u021bi de serviciile noastre \u0219i c\u00e2\u021biva dintre ace\u0219tia ne-au transmis comentariile lor cu privire la colaborarea juridic\u0103. Cititi toate comentariile lasate de clientii nostri in <a href=\"https:\/\/g.page\/abogados-barcelona?share\" target=\"_blank\" rel=\"noopener noreferrer\">pagina <\/a><a href=\"https:\/\/g.page\/abogados-barcelona?share\" target=\"_blank\" rel=\"noopener noreferrer\"> Maps<\/a> si adaugati propria evaluare:<\/p>\n<p><a href=\"https:\/\/www.google.com\/maps\/place\/ABOGADOS+BARCELONA+MARIN+%26+PASALODOS+SL\/@41.3883035,2.165535,17z\/data=!4m7!3m6!1s0x12a4a2f3acffdae9:0x7616ca48e77aab66!8m2!3d41.3883035!4d2.1677237!9m1!1b1\" target=\"_blank\" rel=\"noopener\"><img decoding=\"async\" class=\"size-full wp-image-29332 aligncenter\" src=\"https:\/\/www.marinpasalodos.com\/wp-content\/uploads\/2021\/03\/avocat-bun-barcelona.png\" alt=\"avocat bun Barcelona\" width=\"254\" height=\"58\" srcset=\"https:\/\/www.marinpasalodos.com\/wp-content\/uploads\/2021\/03\/avocat-bun-barcelona-200x46.png 200w, https:\/\/www.marinpasalodos.com\/wp-content\/uploads\/2021\/03\/avocat-bun-barcelona.png 254w\" sizes=\"(max-width: 254px) 100vw, 254px\" \/><\/a><\/p>\n<blockquote><p>Foarte mul\u021bumit, vreau s\u0103 mul\u021bumesc lui YUD pentru tot ajutorul acordat \u00een procedurile documentare, un profesionist!<\/p><\/blockquote>\n<p><em>Catalina Gabriela Dragoi<\/em><\/p>\n<blockquote><p>Vreau s\u0103-\u021bi mul\u021bumesc pentru munca excelent\u0103 pe care o faci, \u00een special Florentinei, care este cea cu care m\u0103 ocup cel mai mult. Mul\u021bumesc<\/p><\/blockquote>\n<p><em>Viorel Costin<\/em><\/p>\n<blockquote><p>Un Service cu o preg\u0103tire excelent\u0103 \u00een detaliu \u0219i cu un profesionalism excelent!<\/p><\/blockquote>\n<p><em>Socoteala Aurelian<\/em><\/p>\n<blockquote><p>Suntem foarte multumiti de munca prestata a domnului avocat si al domnisoarei avocat (Marin&amp;Pasalodos Abogados), de corectitudinea si perseverenta in activitatea pe care o desfasoara. Va dorim mult succes si sa ramaneti la fel de sarguinciosi ca si pana acum.<\/p><\/blockquote>\n<p><em>Cu mult respect<\/em><br \/>\n<em>Familia Stefan Liviu si Ileana Sfredel<\/em><\/p>\n<p>&nbsp;<\/p>\n<blockquote><p>Doamna Avocat Florentina Marin este de-a dreptul minunat\u0103, nici nu stiu cum sa ii mul\u021bumesc pentru profesionalismul, pentru felul \u00een care s-a luptat pentru noi. Pana sa ne ajute nu mai credeam in minuni, eram \u00een situa\u021bia \u00een care trebuia s\u0103 p\u0103r\u0103sim apartamentul \u00een care locuiam, dar datorita ei am inceput din nou sa avem speran\u021ba.<br \/>\nRecomand cu incredere cabinetul de avocatur\u0103 pentru implicarea si seriozitatea de care da dovada.<\/p><\/blockquote>\n<p><em>Andreea Dinculescu<\/em><\/p>\n<p>&nbsp;<\/p>\n<blockquote><p>Am avut noroc de a o intalni pe doamna Florentina Marin fiindu-mi recomandata de o cunostinta dupa o experienta ingrozitoare cu alt cabinet de avocatura. Ii multumesc lui Dumnezeu , echipa Marin &amp; Pasalodos mi-a dat dovada numai de profesionalism, corectitudine,pasiune si nu in ultimul rand EMPATIE ! Le sunt recunoscator pe viata si voi continua sa colaborez cu dansii ori de cate ori voi avea nevoie de un sfat legal sau vreo problema juridica.<br \/>\nO recomand cu toata inima pe doamna Florentina Marin si pe colegul dansei Thomas!<\/p><\/blockquote>\n<p><em>George<\/em><\/p>\n<p>&nbsp;<\/p>\n<blockquote><p>V\u0103 rog, dup\u0103 cum am mai afirmat, mi-a f\u0103cut pl\u0103cere s\u0103 cunosc o echip\u0103 t\u00e2n\u0103r\u0103 \u0219i ambi\u021bioas\u0103 , care mi-a oferit consultanta ori de c\u00e2te ori am solicitat acest lucru . Amabilitatea \u0219i profesionalismul acestei echipe m-a determinat ca s\u0103 o recomand \u0219i altor rom\u00e2ni din Spania.<\/p>\n<p>V\u0103 doresc mult\u0103 s\u0103n\u0103tate \u0219i mult\u0103 baft\u0103 \u00een carier\u0103!<\/p>\n<p>Dumnezeu s\u0103 ne fie al\u0103turi !<\/p><\/blockquote>\n<p><em>Cu deosebit respect, <\/em><br \/>\n<em>Edmund Leopad<\/em><\/p>\n<p>&nbsp;<\/p>\n<blockquote><p>Sunteti foarte profesionisti, bravo, m-ati ajutat cu consultatiile dvs. Sunteti predispusi pentru a obtine rezultate benefice\u00a0pentru client.<\/p><\/blockquote>\n<p><em>Cu un deosebit respect,<br \/>\n<\/em><em>Larisa Sanduleanu<\/em><\/p>\n","protected":false},"excerpt":{"rendered":"<p>Clien\u021bii cabinetului nostru de avocatur\u0103 din Barcelona sunt mul\u021bumi\u021bi de serviciile noastre \u0219i c\u00e2\u021biva dintre ace\u0219tia ne-au transmis comentariile lor cu privire la colaborarea juridic\u0103. Cititi toate comentariile lasate de clientii nostri in pagina Maps si adaugati propria evaluare: Foarte mul\u021bumit, vreau s\u0103 mul\u021bumesc lui YUD pentru tot ajutorul acordat \u00een procedurile documentare, un profesionist!  [&#8230;]<\/p>\n","protected":false},"author":3,"featured_media":0,"parent":0,"menu_order":0,"comment_status":"open","ping_status":"open","template":"","meta":{"footnotes":""},"class_list":["post-28043","page","type-page","status-publish","hentry"],"yoast_head":"<!-- This site is optimized with the Yoast SEO plugin v27.4 - https:\/\/yoast.com\/product\/yoast-seo-wordpress\/ -->\n<title>Testimoniale clienti - Abogados Marin Pasalodos<\/title>\n<meta name=\"description\" content=\"Clien\u021bii cabinetului nostru de avocatur\u0103 din Barcelona sunt mul\u021bumi\u021bi de serviciile noastre \u0219i ne-au transmis comentariile cu privire la colaborarea juridic\u0103\" \/>\n<meta name=\"robots\" content=\"index, follow, max-snippet:-1, max-image-preview:large, max-video-preview:-1\" \/>\n<link rel=\"canonical\" href=\"https:\/\/www.marinpasalodos.com\/ro\/testimoniale-clienti-cabinet-avocatura-barcelona\/\" \/>\n<meta property=\"og:locale\" content=\"ro_RO\" \/>\n<meta property=\"og:type\" content=\"article\" \/>\n<meta property=\"og:title\" content=\"Testimoniale clienti - Abogados Marin Pasalodos\" \/>\n<meta property=\"og:description\" content=\"Clien\u021bii cabinetului nostru de avocatur\u0103 din Barcelona sunt mul\u021bumi\u021bi de serviciile noastre \u0219i ne-au transmis comentariile cu privire la colaborarea juridic\u0103\" \/>\n<meta property=\"og:url\" content=\"https:\/\/www.marinpasalodos.com\/ro\/testimoniale-clienti-cabinet-avocatura-barcelona\/\" \/>\n<meta property=\"og:site_name\" content=\"Abogados Marin Pasalodos\" \/>\n<meta property=\"article:modified_time\" content=\"2024-02-24T10:26:36+00:00\" \/>\n<meta property=\"og:image\" content=\"https:\/\/www.marinpasalodos.com\/wp-content\/uploads\/2021\/03\/avocat-bun-barcelona.png\" \/>\n<meta name=\"twitter:label1\" content=\"Timp estimat pentru citire\" \/>\n\t<meta name=\"twitter:data1\" content=\"1 minut\" \/>\n<script type=\"application\/ld+json\" class=\"yoast-schema-graph\">{\"@context\":\"https:\\\/\\\/schema.org\",\"@graph\":[{\"@type\":\"WebPage\",\"@id\":\"https:\\\/\\\/www.marinpasalodos.com\\\/ro\\\/testimoniale-clienti-cabinet-avocatura-barcelona\\\/\",\"url\":\"https:\\\/\\\/www.marinpasalodos.com\\\/ro\\\/testimoniale-clienti-cabinet-avocatura-barcelona\\\/\",\"name\":\"Testimoniale clienti - Abogados Marin Pasalodos\",\"isPartOf\":{\"@id\":\"https:\\\/\\\/www.marinpasalodos.com\\\/#website\"},\"primaryImageOfPage\":{\"@id\":\"https:\\\/\\\/www.marinpasalodos.com\\\/ro\\\/testimoniale-clienti-cabinet-avocatura-barcelona\\\/#primaryimage\"},\"image\":{\"@id\":\"https:\\\/\\\/www.marinpasalodos.com\\\/ro\\\/testimoniale-clienti-cabinet-avocatura-barcelona\\\/#primaryimage\"},\"thumbnailUrl\":\"https:\\\/\\\/www.marinpasalodos.com\\\/wp-content\\\/uploads\\\/2021\\\/03\\\/avocat-bun-barcelona.png\",\"datePublished\":\"2019-05-29T10:50:35+00:00\",\"dateModified\":\"2024-02-24T10:26:36+00:00\",\"description\":\"Clien\u021bii cabinetului nostru de avocatur\u0103 din Barcelona sunt mul\u021bumi\u021bi de serviciile noastre \u0219i ne-au transmis comentariile cu privire la colaborarea juridic\u0103\",\"breadcrumb\":{\"@id\":\"https:\\\/\\\/www.marinpasalodos.com\\\/ro\\\/testimoniale-clienti-cabinet-avocatura-barcelona\\\/#breadcrumb\"},\"inLanguage\":\"ro-RO\",\"potentialAction\":[{\"@type\":\"ReadAction\",\"target\":[\"https:\\\/\\\/www.marinpasalodos.com\\\/ro\\\/testimoniale-clienti-cabinet-avocatura-barcelona\\\/\"]}]},{\"@type\":\"ImageObject\",\"inLanguage\":\"ro-RO\",\"@id\":\"https:\\\/\\\/www.marinpasalodos.com\\\/ro\\\/testimoniale-clienti-cabinet-avocatura-barcelona\\\/#primaryimage\",\"url\":\"https:\\\/\\\/www.marinpasalodos.com\\\/wp-content\\\/uploads\\\/2021\\\/03\\\/avocat-bun-barcelona.png\",\"contentUrl\":\"https:\\\/\\\/www.marinpasalodos.com\\\/wp-content\\\/uploads\\\/2021\\\/03\\\/avocat-bun-barcelona.png\"},{\"@type\":\"BreadcrumbList\",\"@id\":\"https:\\\/\\\/www.marinpasalodos.com\\\/ro\\\/testimoniale-clienti-cabinet-avocatura-barcelona\\\/#breadcrumb\",\"itemListElement\":[{\"@type\":\"ListItem\",\"position\":1,\"name\":\"Home\",\"item\":\"https:\\\/\\\/www.marinpasalodos.com\\\/ro\\\/\"},{\"@type\":\"ListItem\",\"position\":2,\"name\":\"Testimoniale clienti\"}]},{\"@type\":\"WebSite\",\"@id\":\"https:\\\/\\\/www.marinpasalodos.com\\\/#website\",\"url\":\"https:\\\/\\\/www.marinpasalodos.com\\\/\",\"name\":\"Abogados Marin Pasalodos\",\"description\":\"Bufete de abogados en Barcelona Marin\",\"potentialAction\":[{\"@type\":\"SearchAction\",\"target\":{\"@type\":\"EntryPoint\",\"urlTemplate\":\"https:\\\/\\\/www.marinpasalodos.com\\\/?s={search_term_string}\"},\"query-input\":{\"@type\":\"PropertyValueSpecification\",\"valueRequired\":true,\"valueName\":\"search_term_string\"}}],\"inLanguage\":\"ro-RO\"}]}<\/script>\n<!-- \/ Yoast SEO plugin. -->","yoast_head_json":{"title":"Testimoniale clienti - Abogados Marin Pasalodos","description":"Clien\u021bii cabinetului nostru de avocatur\u0103 din Barcelona sunt mul\u021bumi\u021bi de serviciile noastre \u0219i ne-au transmis comentariile cu privire la colaborarea juridic\u0103","robots":{"index":"index","follow":"follow","max-snippet":"max-snippet:-1","max-image-preview":"max-image-preview:large","max-video-preview":"max-video-preview:-1"},"canonical":"https:\/\/www.marinpasalodos.com\/ro\/testimoniale-clienti-cabinet-avocatura-barcelona\/","og_locale":"ro_RO","og_type":"article","og_title":"Testimoniale clienti - Abogados Marin Pasalodos","og_description":"Clien\u021bii cabinetului nostru de avocatur\u0103 din Barcelona sunt mul\u021bumi\u021bi de serviciile noastre \u0219i ne-au transmis comentariile cu privire la colaborarea juridic\u0103","og_url":"https:\/\/www.marinpasalodos.com\/ro\/testimoniale-clienti-cabinet-avocatura-barcelona\/","og_site_name":"Abogados Marin Pasalodos","article_modified_time":"2024-02-24T10:26:36+00:00","og_image":[{"url":"https:\/\/www.marinpasalodos.com\/wp-content\/uploads\/2021\/03\/avocat-bun-barcelona.png","type":"","width":"","height":""}],"twitter_misc":{"Timp estimat pentru citire":"1 minut"},"schema":{"@context":"https:\/\/schema.org","@graph":[{"@type":"WebPage","@id":"https:\/\/www.marinpasalodos.com\/ro\/testimoniale-clienti-cabinet-avocatura-barcelona\/","url":"https:\/\/www.marinpasalodos.com\/ro\/testimoniale-clienti-cabinet-avocatura-barcelona\/","name":"Testimoniale clienti - Abogados Marin Pasalodos","isPartOf":{"@id":"https:\/\/www.marinpasalodos.com\/#website"},"primaryImageOfPage":{"@id":"https:\/\/www.marinpasalodos.com\/ro\/testimoniale-clienti-cabinet-avocatura-barcelona\/#primaryimage"},"image":{"@id":"https:\/\/www.marinpasalodos.com\/ro\/testimoniale-clienti-cabinet-avocatura-barcelona\/#primaryimage"},"thumbnailUrl":"https:\/\/www.marinpasalodos.com\/wp-content\/uploads\/2021\/03\/avocat-bun-barcelona.png","datePublished":"2019-05-29T10:50:35+00:00","dateModified":"2024-02-24T10:26:36+00:00","description":"Clien\u021bii cabinetului nostru de avocatur\u0103 din Barcelona sunt mul\u021bumi\u021bi de serviciile noastre \u0219i ne-au transmis comentariile cu privire la colaborarea juridic\u0103","breadcrumb":{"@id":"https:\/\/www.marinpasalodos.com\/ro\/testimoniale-clienti-cabinet-avocatura-barcelona\/#breadcrumb"},"inLanguage":"ro-RO","potentialAction":[{"@type":"ReadAction","target":["https:\/\/www.marinpasalodos.com\/ro\/testimoniale-clienti-cabinet-avocatura-barcelona\/"]}]},{"@type":"ImageObject","inLanguage":"ro-RO","@id":"https:\/\/www.marinpasalodos.com\/ro\/testimoniale-clienti-cabinet-avocatura-barcelona\/#primaryimage","url":"https:\/\/www.marinpasalodos.com\/wp-content\/uploads\/2021\/03\/avocat-bun-barcelona.png","contentUrl":"https:\/\/www.marinpasalodos.com\/wp-content\/uploads\/2021\/03\/avocat-bun-barcelona.png"},{"@type":"BreadcrumbList","@id":"https:\/\/www.marinpasalodos.com\/ro\/testimoniale-clienti-cabinet-avocatura-barcelona\/#breadcrumb","itemListElement":[{"@type":"ListItem","position":1,"name":"Home","item":"https:\/\/www.marinpasalodos.com\/ro\/"},{"@type":"ListItem","position":2,"name":"Testimoniale clienti"}]},{"@type":"WebSite","@id":"https:\/\/www.marinpasalodos.com\/#website","url":"https:\/\/www.marinpasalodos.com\/","name":"Abogados Marin Pasalodos","description":"Bufete de abogados en Barcelona Marin","potentialAction":[{"@type":"SearchAction","target":{"@type":"EntryPoint","urlTemplate":"https:\/\/www.marinpasalodos.com\/?s={search_term_string}"},"query-input":{"@type":"PropertyValueSpecification","valueRequired":true,"valueName":"search_term_string"}}],"inLanguage":"ro-RO"}]}},"_links":{"self":[{"href":"https:\/\/www.marinpasalodos.com\/ro\/wp-json\/wp\/v2\/pages\/28043","targetHints":{"allow":["GET"]}}],"collection":[{"href":"https:\/\/www.marinpasalodos.com\/ro\/wp-json\/wp\/v2\/pages"}],"about":[{"href":"https:\/\/www.marinpasalodos.com\/ro\/wp-json\/wp\/v2\/types\/page"}],"author":[{"embeddable":true,"href":"https:\/\/www.marinpasalodos.com\/ro\/wp-json\/wp\/v2\/users\/3"}],"replies":[{"embeddable":true,"href":"https:\/\/www.marinpasalodos.com\/ro\/wp-json\/wp\/v2\/comments?post=28043"}],"version-history":[{"count":10,"href":"https:\/\/www.marinpasalodos.com\/ro\/wp-json\/wp\/v2\/pages\/28043\/revisions"}],"predecessor-version":[{"id":29743,"href":"https:\/\/www.marinpasalodos.com\/ro\/wp-json\/wp\/v2\/pages\/28043\/revisions\/29743"}],"wp:attachment":[{"href":"https:\/\/www.marinpasalodos.com\/ro\/wp-json\/wp\/v2\/media?parent=28043"}],"curies":[{"name":"wp","href":"https:\/\/api.w.org\/{rel}","templated":true}]}}