{"id":28076,"date":"2019-05-29T14:10:35","date_gmt":"2019-05-29T14:10:35","guid":{"rendered":"https:\/\/www.marinpasalodos.com\/?page_id=28076"},"modified":"2019-05-29T14:10:35","modified_gmt":"2019-05-29T14:10:35","slug":"solve-divorces-consensual-or-contentious","status":"publish","type":"page","link":"https:\/\/www.marinpasalodos.com\/ro\/specializari-in-drept\/solve-divorces-consensual-or-contentious\/","title":{"rendered":"Solve divorces, consensual or contentious"},"content":{"rendered":"<p>El despacho de abogados Marin&amp;Pasalodos S.L. de Barcelona es vuestra mejor opci\u00f3n para solucionar los divorcios, consensuales o contenciosos.\u00a0Somos expertos en mediar entre las partes para conseguir que lleguen a un acuerdo y, de esta manera, evitar que sufran un divorcio contencioso, contraindicado cuando existen menores. Tramitamos de manera r\u00e1pida y eficaz cualquier divorcio de mutuo acuerdo.<\/p>\n<p style=\"text-align: center;\"><strong>LLAMA AL 932006766 Y PIDE YA UNA CITA PREVIA<\/strong><\/p>\n<p><strong>EL DIVORCIO ES LA DISOLUCI\u00d3N LEGAL DE UN MATRIMONIO.\u00a0EXISTEN DOS TIPOS DE DIVORCIOS:<\/strong><\/p>\n<p><strong>1. DIVORCIO CONSENSUAL<\/strong><\/p>\n<p>EL DIVORCIO CONSENSUAL se produce a petici\u00f3n de ambos c\u00f3nyuges o de uno con el consentimiento del otro, una vez transcurridos tres meses desde la celebraci\u00f3n del matrimonio. A la demanda se acompa\u00f1ar\u00e1 una\u00a0propuesta de convenio regulador\u00a0 redactado por un abogado y representado por un Procurador. Su\u00a0tramitaci\u00f3n\u00a0se lleva a cabo por las reglas del procedimiento consensual o de mutuo acuerdo, incluida la conformaci\u00f3n de la preceptiva demanda, el convenio y los requisitos internos que la integran.<\/p>\n<p><strong>2. DIVORCIO CONTENCIOSO<\/strong><\/p>\n<p>En caso de DIVORCIO CONTENCIOSO es suficiente la\u00a0mera petici\u00f3n de uno solo de los c\u00f3nyuges, una vez transcurridos tres meses desde la celebraci\u00f3n del matrimonio. A este procedimiento de los son de aplicaci\u00f3n las reglas generales de los procesos contenciosos matrimoniales, as\u00ed como la\u00a0elaboraci\u00f3n de la demanda\u00a0en los t\u00e9rminos legales.<br \/>\nNo ser\u00e1 preciso el transcurso de este plazo para la interposici\u00f3n de la demanda cuando se acredite la\u00a0existencia de un riesgo\u00a0para la vida, la integridad f\u00edsica, la libertad, la integridad moral o libertad e indemnidad sexual del c\u00f3nyuge demandante o de los hijos de ambos o de cualquiera de los miembros del matrimonio.<br \/>\nA la demanda se acompa\u00f1ar\u00e1\u00a0propuesta fundada de las medidas\u00a0 que hayan de regular los efectos derivados de la separaci\u00f3n. Le son de aplicaci\u00f3n igualmente el r\u00e9gimen atinente a la\u00a0solicitud y tramitaci\u00f3n de medidas provisionales\u00a0previas a la interposici\u00f3n de la demanda, su ratificaci\u00f3n o modificaci\u00f3n al tiempo de su presentaci\u00f3n, as\u00ed como la solicitud de medidas provisionales derivadas de la admisi\u00f3n de la demanda de divorcio.<\/p>\n<p><strong> Nuestros abogados redactan y presentan las demandas de divorcio teniendo en cuenta las necesidades del cliente y, sobre todo, el bienestar de los menores resultantes del matrimonio que se quiere separar.\u00a0<\/strong><\/p>\n<p>El matrimonio como\u00a0instituci\u00f3n, negocio jur\u00eddico o contrato, parte de un elemento esencial: la creaci\u00f3n de un v\u00ednculo del que se derivan un conjunto de relaciones personales y patrimoniales, de car\u00e1cter estable y continuado, que trasciende de la relaci\u00f3n interconyugal y se proyecta frente a terceros, los hijos, y la sociedad, en su conjunto.<br \/>\nLa incidencia de\u00a0aspectos ideol\u00f3gicos, culturales y religiosos\u00a0 en esta instituci\u00f3n, ha determinado la existencia de distintos sistemas de regulaci\u00f3n sobre el\u00a0divorcio, esto es, la disoluci\u00f3n o no de ese v\u00ednculo, reconociendo esa posibilidad de forma abierta, con el cumplimiento de determinados requisitos sustantivos, causas o transcurso de plazos, o neg\u00e1ndola, \u00faltimo supuesto ya, en clara minor\u00eda, atendiendo a los pa\u00edses de nuestro entorno occidental.<\/p>\n<p><strong>CARACTER\u00cdSTICAS ESENCIALES DE LA REGULACI\u00d3N DEL DIVORCIO:<\/strong><\/p>\n<p>En el \u00e1mbito de los efectos pr\u00e1cticos y caracter\u00edsticas esenciales de la nueva regulaci\u00f3n del divorcio, deben precisarse las siguientes:<\/p>\n<p>a) Normativa fundada en\u00a0inexistencia de causas de divorcio, fijando exclusiva y objetivamente como requisito, <strong>el transcurso del plazo de tres meses<\/strong> desde la fecha de su celebraci\u00f3n.<br \/>\nb) El matrimonio se constituye en el\u00a0negocio jur\u00eddico bilateral, susceptible de resolverse unilateralmente por cualquiera de los c\u00f3nyuges, dentro de las facultades inherentes a su libre albedr\u00edo.<br \/>\nc) La objetivaci\u00f3n de esa \u00fanica causa, determina la\u00a0reducci\u00f3n de conflictividad conyugal\u00a0en la crisis matrimonial, que queda relegada a la contradicci\u00f3n y discrepancia respecto de los efectos personales y patrimoniales del divorcio.<br \/>\nd) La\u00a0equiparaci\u00f3n del plazo\u00a0para acceder al mismo, con el fijado en la separaci\u00f3n, al que se remite, puede dejar en desuso esta \u00faltima figura, en la praxis forense.<br \/>\ne) Se mantiene el\u00a0divorcio consensual, con observancia del mismo plazo y requisitos, para instar su acci\u00f3n.<br \/>\nf) Los\u00a0efectos legales\u00a0previstos para la separaci\u00f3n, de contenido personal entre los c\u00f3nyuges e hijos, patrimoniales y sucesorios, en su caso, se hacen extensivos o trasladan al divorcio, cuando se accede al mismo directamente, sin perjuicio de los propios de la separaci\u00f3n de hecho, considerando \u00e9sta como situaci\u00f3n f\u00edsica de no convivencia entre los c\u00f3nyuges.<\/p>\n<p><strong>PRECISIONES SOBRE LOS DIVORCIOS<\/strong><\/p>\n<p><strong>1)\u00a0 En la concesi\u00f3n del divorcio, no tienen ya trascendencia los\u00a0motivos personales.<\/strong><\/p>\n<p>2)\u00a0 Desaparici\u00f3n del\u00a0sistema causal de divorcio\u00a0a partir de la entrada en vigor de la\u00a0L 15\/2005.<\/p>\n<p>3)\u00a0Incompatibilidad de pensiones alimenticias\u00a0con situaciones de divorcio.<\/p>\n<p>4)\u00a0 Estimaci\u00f3n del divorcio en supuestos de\u00a0violencia familiar. Adem\u00e1s la guarda y custodia del hijo menor queda en favor de la madre, compartiendo con el padre el ejercicio de la patria potestad sobre el mismo, que deber\u00e1 abonar pensi\u00f3n alimenticia suficiente para cubrir sus necesidades alimenticias.<\/p>\n<p>5)\u00a0 La existencia de\u00a0v\u00ednculo matrimonial previo no disuelto\u00a0 (CC art.73.2 y 46.2), es causa de nulidad radical y absoluta del matrimonio y no solo la acci\u00f3n para hacerla valer es imprescriptible y no sanable por el transcurso del tiempo, sino que adem\u00e1s el encargado del Registro Civil denegar\u00eda su inscripci\u00f3n al cumplir su deber de cerciorarse de la inexistencia de impedimentos, trat\u00e1ndose de un matrimonio que no s\u00f3lo no debe ser inscrito, sino que adem\u00e1s, nunca debi\u00f3 ser autorizado. Este\u00a0matrimonio no inscrito\u00a0no debe ser disuelto, pues ello supondr\u00eda un impl\u00edcito reconocimiento del mismo, del mismo modo que ser\u00eda inconcebible divorciar el matrimonio no inscrito formado por padre e hija o por dos hermanos o por la abuela con su nieto, los cuales son nulos de pleno Derecho desde el momento mismo de su celebraci\u00f3n y aunque nadie haya ejercitado la acci\u00f3n de nulidad, el juez que la conoce, no puede dar lugar a la disoluci\u00f3n de algo inexistente.<\/p>\n<p>6)\u00a0 Las\u00a0extremas condiciones econ\u00f3micas\u00a0no permiten al \u00f3rgano judicial denegar el derecho a la disoluci\u00f3n del v\u00ednculo que dispone\u00a0Const art.32.2, si se dan las condiciones establecidas por la ley para el ejercicio del mismo. La\u00a0Const art.32.2\u00a0no establece un derecho a la separaci\u00f3n o divorcio directamente aplicable, sino de acuerdo con las causas establecidas por ley, lo que supone que, si bien no resultar\u00eda contraria a la Constituci\u00f3n una decisi\u00f3n judicial que, al entender que no existe ninguna de las causas de separaci\u00f3n o divorcio alegadas por un ciudadano, deniegue la suspensi\u00f3n o disoluci\u00f3n del v\u00ednculo matrimonial, s\u00ed ser\u00eda susceptible de tal tacha una resoluci\u00f3n que, mediando dificultades econ\u00f3micas, denegara la disoluci\u00f3n matrimonial a c\u00f3nyuges que s\u00ed incurren en causa de separaci\u00f3n legal o divorcio.<\/p>\n<p><strong>SOBRE PATRIA POTESTAD<\/strong><br \/>\nLa relaci\u00f3n jur\u00eddica paterno-filial nace entre los progenitores y el hijo como consecuencia de la filiaci\u00f3n determinada legalmente. La patria potestad es un efecto legal propio de toda relaci\u00f3n paterno o materno filial, de tal modo que, una vez que por alguno de los medios legalmente establecidos queda\u00a0determinada la filiaci\u00f3n, la patria potestad corresponde autom\u00e1ticamente por ley al progenitor respecto del cual qued\u00f3 determinada la filiaci\u00f3n sin que la atribuci\u00f3n de la misma requiera petici\u00f3n de parte ni declaraci\u00f3n judicial al respecto.<br \/>\nAct\u00faa como derecho inherente de la paternidad y la maternidad, y en nuestro \u00e1mbito tiene indudable car\u00e1cter de\u00a0funci\u00f3n tutelar\u00a0que la configura como instituci\u00f3n a favor de los hijos.<br \/>\nEs la instituci\u00f3n protectora del menor por excelencia y se funda en una\u00a0relaci\u00f3n de filiaci\u00f3n\u00a0cualquiera que sea su naturaleza (matrimonial, no matrimonial o adoptiva). Mediante ella se pretende otorgar protecci\u00f3n, cuidado, asistencia y educaci\u00f3n a los hijos, representarlos y administrar sus bienes.<\/p>\n<p><strong>IMPORTANTE<\/strong><br \/>\nPodemos considerar como caracteres de la patria potestad los siguientes:<br \/>\n&#8211; instituci\u00f3n de orden p\u00fablico;<br \/>\n&#8211; intransmisible;<br \/>\n&#8211; irrenunciable;<br \/>\n&#8211; imprescriptible.<br \/>\nLOS PADRES NO PUEDEN ACORDAR RENUNCIAR A LA PATRIA POTESTAD MEDIANTE DIVORCIO DE MUTUO ACUERDO SIENDO UN DERECHO IRRENUNCIABLE. SOLO SE PUEDE SOLICITAR LA SUSPENSI\u00d3N O LA PRIVACI\u00d3N DE ESTE DERECHO MEDIANTE UN PROCEDIMIENTO DE DIVORCIO CONTENCIOSO.<\/p>\n<p style=\"text-align: center;\"><strong>Llama al 932006766, solicita cita previa e inf\u00f3rmate sobre tus derechos<\/strong><\/p>\n<p style=\"text-align: center;\"><strong>PRECIOS COMPETITIVOS<\/strong><\/p>\n<h2>Que opinan nuestros clientes sobre nuestros servicios<\/h2>\n<blockquote>\n<p style=\"text-align: justify;\">En nombre de mi padre y m\u00edo quedamos muy satisfechos con la primera visita que realizamos con vosotros, vimos una implicaci\u00f3n desde el primer momento, nos transmitisteis confianza y salimos de vuestro despacho llenos de esperanza, ya que es incomprensible que pase esto despu\u00e9s de trabajar una vida, y cumpliendo todos los requisitos, no es justo que le denegaran esta ayuda. Yo os estoy muy agradecida de que nos llev\u00e9is el caso y tengo plena confianza en vosotros y espero una resoluci\u00f3n justa ya que mi padre se lo merece. \u201c<br \/>\nGracias.<\/p>\n<\/blockquote>\n<p><em>Saludos,<\/em><br \/>\n<em> Sandra Due\u00f1as<\/em><\/p>\n<h2>El equipo de abogados de Barcelona Marin Pasalodos<\/h2>\n<p>[divider width=&#8221;full&#8221;]<\/p>\n<p>[row ]<\/p>\n<p>[col span=&#8221;1\/2&#8243; ]<br \/>\n[team_member name=&#8221;Tom\u00e1s Pasalodos&#8221; img=&#8221;https:\/\/www.marinpasalodos.com\/wp-content\/uploads\/2014\/07\/tomas-pasalodos.jpg&#8221;]<br \/>\nEspecialista en laboral, civil y contencioso administrativo. <a href=\"https:\/\/www.marinpasalodos.com\/ro\/echipa-noastra\/tomas-pasalodos\/\">Ver<\/a><br \/>\n[\/team_member]<\/p>\n<p>[\/col]<\/p>\n<p>[col span=&#8221;1\/2&#8243; ]<br \/>\n[team_member name=&#8221;Florentina Marin &#8221; img=&#8221;https:\/\/www.marinpasalodos.com\/wp-content\/uploads\/2014\/07\/florentina-marin.jpg&#8221;]<br \/>\nEspecialista en laboral, <a href=\"https:\/\/www.marinpasalodos.com\/ro\/specializari-in-drept\/avocati-specializati-in-dreptul-familiei\/\">derecho de familia<\/a>, derecho mercantil y comercio internacional. <a href=\"https:\/\/www.marinpasalodos.com\/ro\/echipa-noastra\/florentina-marin\/\">Ver<\/a><br \/>\n[\/team_member]<br \/>\n[\/col]<\/p>\n<p>[col span=&#8221;1\/2&#8243; ]<br \/>\n[team_member name=&#8221;Nadia Godoy&#8221; img=&#8221;https:\/\/www.marinpasalodos.com\/wp-content\/uploads\/2014\/07\/nadia-godoy.jpg&#8221;]<br \/>\nEspecialista en penal, extranjer\u00eda y <a href=\"https:\/\/www.marinpasalodos.com\/ro\/specializari-in-drept\/drept-international-privat\/\">derecho internacional privado<\/a>. <a href=\"https:\/\/www.marinpasalodos.com\/ro\/echipa-noastra\/nadia-godoy\/\">Ver<\/a><br \/>\n[\/team_member]<br \/>\n[\/col]<\/p>\n<p>[col span=&#8221;1\/2&#8243; ]<br \/>\n[team_member name=&#8221;Voloaga Radu&#8221; img=&#8221;https:\/\/www.marinpasalodos.com\/wp-content\/uploads\/2014\/07\/voloaga-radu.jpg&#8221;]<br \/>\nEspecialista en laboral, civil y contencioso administrativo. <a href=\"https:\/\/www.marinpasalodos.com\/ro\/echipa-noastra\/radu-voloaga\/\">Ver<\/a>[\/team_member][\/col][\/row]<\/p>\n<h2>Contestamos a tus preguntas<\/h2>\n<p>Para m\u00e1s informaci\u00f3n no duden en ponerse en contacto con nuestros <a href=\"\/\">abogados profesionales de Barcelona<\/a> que son expertos en solicitar y conseguir la nacionalidad espa\u00f1ola a favor de los interesados.<\/p>\n<p>Llama ya al despacho de abogados y solicita una cita:\u00a0<strong>932 006 766<\/strong> o cont\u00e1ctenos a <strong><a href=\"mailto:secretaria@marinpasalodos.com\">secretaria@marinpasalodos.com<\/a><\/strong><\/p>\n<p>Le atenderemos con profesionalismo.<\/p>\n<h2>Direcci\u00f3n de nuestro bufete de abogados de Barcelona<\/h2>\n<p>Nuestro bufete est\u00e1 ubicado a Barcelona, en Rambla de Catalu\u00f1a, 14, 3-3, 08007.<br \/>\nNuestro horario de atenci\u00f3n es de lunes a viernes, de 9 a 14 y de 16 a 20.<\/p>\n<p><a title=\"Direcci\u00f3n de nuestro bufete de abogados de Barcelona\" href=\"https:\/\/www.google.es\/maps\/place\/MARIN+%26+PASALODOS+SL\/@41.387097,2.1682873,16z\/data=!4m5!3m4!1s0x12a4a2f3acffdae9:0x7616ca48e77aab66!8m2!3d41.3883035!4d2.1677237?hl=en\" target=\"_blank\" rel=\"noopener noreferrer\"><img decoding=\"async\" class=\"alignnone wp-image-27155\" src=\"https:\/\/www.marinpasalodos.com\/wp-content\/uploads\/2014\/06\/carta-gabinete-abogados-barcelona-300x157.jpg\" alt=\"mapa bufete abogados de Barcelona Marin Pasalodos\" width=\"448\" height=\"234\" srcset=\"https:\/\/www.marinpasalodos.com\/wp-content\/uploads\/2014\/06\/carta-gabinete-abogados-barcelona-300x157.jpg 300w, https:\/\/www.marinpasalodos.com\/wp-content\/uploads\/2014\/06\/carta-gabinete-abogados-barcelona-500x261.jpg 500w, https:\/\/www.marinpasalodos.com\/wp-content\/uploads\/2014\/06\/carta-gabinete-abogados-barcelona-700x366.jpg 700w, https:\/\/www.marinpasalodos.com\/wp-content\/uploads\/2014\/06\/carta-gabinete-abogados-barcelona.jpg 867w\" sizes=\"(max-width: 448px) 100vw, 448px\" \/><\/a><\/p>\n","protected":false},"excerpt":{"rendered":"<p>El despacho de abogados Marin&amp;Pasalodos S.L. de Barcelona es vuestra mejor opci\u00f3n para solucionar los divorcios, consensuales o contenciosos.\u00a0Somos expertos en mediar entre las partes para conseguir que lleguen a un acuerdo y, de esta manera, evitar que sufran un divorcio contencioso, contraindicado cuando existen menores. Tramitamos de manera r\u00e1pida y eficaz cualquier divorcio de  [&#8230;]<\/p>\n","protected":false},"author":3,"featured_media":0,"parent":250,"menu_order":0,"comment_status":"open","ping_status":"open","template":"","meta":{"footnotes":""},"class_list":["post-28076","page","type-page","status-publish","hentry"],"yoast_head":"<!-- This site is optimized with the Yoast SEO plugin v26.8 - https:\/\/yoast.com\/product\/yoast-seo-wordpress\/ -->\n<title>Solve divorces, consensual or contentious - Abogados Marin Pasalodos<\/title>\n<meta name=\"robots\" content=\"index, follow, max-snippet:-1, max-image-preview:large, max-video-preview:-1\" \/>\n<link rel=\"canonical\" href=\"https:\/\/www.marinpasalodos.com\/ro\/specializari-in-drept\/solve-divorces-consensual-or-contentious\/\" \/>\n<meta property=\"og:locale\" content=\"ro_RO\" \/>\n<meta property=\"og:type\" content=\"article\" \/>\n<meta property=\"og:title\" content=\"Solve divorces, consensual or contentious - Abogados Marin Pasalodos\" \/>\n<meta property=\"og:description\" content=\"El despacho de abogados Marin&amp;Pasalodos S.L. de Barcelona es vuestra mejor opci\u00f3n para solucionar los divorcios, consensuales o contenciosos.\u00a0Somos expertos en mediar entre las partes para conseguir que lleguen a un acuerdo y, de esta manera, evitar que sufran un divorcio contencioso, contraindicado cuando existen menores. Tramitamos de manera r\u00e1pida y eficaz cualquier divorcio de [...]\" \/>\n<meta property=\"og:url\" content=\"https:\/\/www.marinpasalodos.com\/ro\/specializari-in-drept\/solve-divorces-consensual-or-contentious\/\" \/>\n<meta property=\"og:site_name\" content=\"Abogados Marin Pasalodos\" \/>\n<meta property=\"og:image\" content=\"https:\/\/www.marinpasalodos.com\/wp-content\/uploads\/2014\/06\/carta-gabinete-abogados-barcelona-300x157.jpg\" \/>\n<meta name=\"twitter:label1\" content=\"Timp estimat pentru citire\" \/>\n\t<meta name=\"twitter:data1\" content=\"9 minute\" \/>\n<script type=\"application\/ld+json\" class=\"yoast-schema-graph\">{\"@context\":\"https:\/\/schema.org\",\"@graph\":[{\"@type\":\"WebPage\",\"@id\":\"https:\/\/www.marinpasalodos.com\/ro\/specializari-in-drept\/solve-divorces-consensual-or-contentious\/\",\"url\":\"https:\/\/www.marinpasalodos.com\/ro\/specializari-in-drept\/solve-divorces-consensual-or-contentious\/\",\"name\":\"Solve divorces, consensual or contentious - Abogados Marin Pasalodos\",\"isPartOf\":{\"@id\":\"https:\/\/www.marinpasalodos.com\/#website\"},\"primaryImageOfPage\":{\"@id\":\"https:\/\/www.marinpasalodos.com\/ro\/specializari-in-drept\/solve-divorces-consensual-or-contentious\/#primaryimage\"},\"image\":{\"@id\":\"https:\/\/www.marinpasalodos.com\/ro\/specializari-in-drept\/solve-divorces-consensual-or-contentious\/#primaryimage\"},\"thumbnailUrl\":\"https:\/\/www.marinpasalodos.com\/wp-content\/uploads\/2014\/06\/carta-gabinete-abogados-barcelona-300x157.jpg\",\"datePublished\":\"2019-05-29T14:10:35+00:00\",\"breadcrumb\":{\"@id\":\"https:\/\/www.marinpasalodos.com\/ro\/specializari-in-drept\/solve-divorces-consensual-or-contentious\/#breadcrumb\"},\"inLanguage\":\"ro-RO\",\"potentialAction\":[{\"@type\":\"ReadAction\",\"target\":[\"https:\/\/www.marinpasalodos.com\/ro\/specializari-in-drept\/solve-divorces-consensual-or-contentious\/\"]}]},{\"@type\":\"ImageObject\",\"inLanguage\":\"ro-RO\",\"@id\":\"https:\/\/www.marinpasalodos.com\/ro\/specializari-in-drept\/solve-divorces-consensual-or-contentious\/#primaryimage\",\"url\":\"https:\/\/www.marinpasalodos.com\/wp-content\/uploads\/2014\/06\/carta-gabinete-abogados-barcelona-300x157.jpg\",\"contentUrl\":\"https:\/\/www.marinpasalodos.com\/wp-content\/uploads\/2014\/06\/carta-gabinete-abogados-barcelona-300x157.jpg\"},{\"@type\":\"BreadcrumbList\",\"@id\":\"https:\/\/www.marinpasalodos.com\/ro\/specializari-in-drept\/solve-divorces-consensual-or-contentious\/#breadcrumb\",\"itemListElement\":[{\"@type\":\"ListItem\",\"position\":1,\"name\":\"Home\",\"item\":\"https:\/\/www.marinpasalodos.com\/ro\/\"},{\"@type\":\"ListItem\",\"position\":2,\"name\":\"Specializari in drept\",\"item\":\"https:\/\/www.marinpasalodos.com\/ro\/specializari-in-drept\/\"},{\"@type\":\"ListItem\",\"position\":3,\"name\":\"Solve divorces, consensual or contentious\"}]},{\"@type\":\"WebSite\",\"@id\":\"https:\/\/www.marinpasalodos.com\/#website\",\"url\":\"https:\/\/www.marinpasalodos.com\/\",\"name\":\"Abogados Marin Pasalodos\",\"description\":\"Bufete de abogados en Barcelona Marin\",\"potentialAction\":[{\"@type\":\"SearchAction\",\"target\":{\"@type\":\"EntryPoint\",\"urlTemplate\":\"https:\/\/www.marinpasalodos.com\/?s={search_term_string}\"},\"query-input\":{\"@type\":\"PropertyValueSpecification\",\"valueRequired\":true,\"valueName\":\"search_term_string\"}}],\"inLanguage\":\"ro-RO\"}]}<\/script>\n<!-- \/ Yoast SEO plugin. -->","yoast_head_json":{"title":"Solve divorces, consensual or contentious - Abogados Marin Pasalodos","robots":{"index":"index","follow":"follow","max-snippet":"max-snippet:-1","max-image-preview":"max-image-preview:large","max-video-preview":"max-video-preview:-1"},"canonical":"https:\/\/www.marinpasalodos.com\/ro\/specializari-in-drept\/solve-divorces-consensual-or-contentious\/","og_locale":"ro_RO","og_type":"article","og_title":"Solve divorces, consensual or contentious - Abogados Marin Pasalodos","og_description":"El despacho de abogados Marin&amp;Pasalodos S.L. de Barcelona es vuestra mejor opci\u00f3n para solucionar los divorcios, consensuales o contenciosos.\u00a0Somos expertos en mediar entre las partes para conseguir que lleguen a un acuerdo y, de esta manera, evitar que sufran un divorcio contencioso, contraindicado cuando existen menores. Tramitamos de manera r\u00e1pida y eficaz cualquier divorcio de [...]","og_url":"https:\/\/www.marinpasalodos.com\/ro\/specializari-in-drept\/solve-divorces-consensual-or-contentious\/","og_site_name":"Abogados Marin Pasalodos","og_image":[{"url":"https:\/\/www.marinpasalodos.com\/wp-content\/uploads\/2014\/06\/carta-gabinete-abogados-barcelona-300x157.jpg","type":"","width":"","height":""}],"twitter_misc":{"Timp estimat pentru citire":"9 minute"},"schema":{"@context":"https:\/\/schema.org","@graph":[{"@type":"WebPage","@id":"https:\/\/www.marinpasalodos.com\/ro\/specializari-in-drept\/solve-divorces-consensual-or-contentious\/","url":"https:\/\/www.marinpasalodos.com\/ro\/specializari-in-drept\/solve-divorces-consensual-or-contentious\/","name":"Solve divorces, consensual or contentious - Abogados Marin Pasalodos","isPartOf":{"@id":"https:\/\/www.marinpasalodos.com\/#website"},"primaryImageOfPage":{"@id":"https:\/\/www.marinpasalodos.com\/ro\/specializari-in-drept\/solve-divorces-consensual-or-contentious\/#primaryimage"},"image":{"@id":"https:\/\/www.marinpasalodos.com\/ro\/specializari-in-drept\/solve-divorces-consensual-or-contentious\/#primaryimage"},"thumbnailUrl":"https:\/\/www.marinpasalodos.com\/wp-content\/uploads\/2014\/06\/carta-gabinete-abogados-barcelona-300x157.jpg","datePublished":"2019-05-29T14:10:35+00:00","breadcrumb":{"@id":"https:\/\/www.marinpasalodos.com\/ro\/specializari-in-drept\/solve-divorces-consensual-or-contentious\/#breadcrumb"},"inLanguage":"ro-RO","potentialAction":[{"@type":"ReadAction","target":["https:\/\/www.marinpasalodos.com\/ro\/specializari-in-drept\/solve-divorces-consensual-or-contentious\/"]}]},{"@type":"ImageObject","inLanguage":"ro-RO","@id":"https:\/\/www.marinpasalodos.com\/ro\/specializari-in-drept\/solve-divorces-consensual-or-contentious\/#primaryimage","url":"https:\/\/www.marinpasalodos.com\/wp-content\/uploads\/2014\/06\/carta-gabinete-abogados-barcelona-300x157.jpg","contentUrl":"https:\/\/www.marinpasalodos.com\/wp-content\/uploads\/2014\/06\/carta-gabinete-abogados-barcelona-300x157.jpg"},{"@type":"BreadcrumbList","@id":"https:\/\/www.marinpasalodos.com\/ro\/specializari-in-drept\/solve-divorces-consensual-or-contentious\/#breadcrumb","itemListElement":[{"@type":"ListItem","position":1,"name":"Home","item":"https:\/\/www.marinpasalodos.com\/ro\/"},{"@type":"ListItem","position":2,"name":"Specializari in drept","item":"https:\/\/www.marinpasalodos.com\/ro\/specializari-in-drept\/"},{"@type":"ListItem","position":3,"name":"Solve divorces, consensual or contentious"}]},{"@type":"WebSite","@id":"https:\/\/www.marinpasalodos.com\/#website","url":"https:\/\/www.marinpasalodos.com\/","name":"Abogados Marin Pasalodos","description":"Bufete de abogados en Barcelona Marin","potentialAction":[{"@type":"SearchAction","target":{"@type":"EntryPoint","urlTemplate":"https:\/\/www.marinpasalodos.com\/?s={search_term_string}"},"query-input":{"@type":"PropertyValueSpecification","valueRequired":true,"valueName":"search_term_string"}}],"inLanguage":"ro-RO"}]}},"_links":{"self":[{"href":"https:\/\/www.marinpasalodos.com\/ro\/wp-json\/wp\/v2\/pages\/28076","targetHints":{"allow":["GET"]}}],"collection":[{"href":"https:\/\/www.marinpasalodos.com\/ro\/wp-json\/wp\/v2\/pages"}],"about":[{"href":"https:\/\/www.marinpasalodos.com\/ro\/wp-json\/wp\/v2\/types\/page"}],"author":[{"embeddable":true,"href":"https:\/\/www.marinpasalodos.com\/ro\/wp-json\/wp\/v2\/users\/3"}],"replies":[{"embeddable":true,"href":"https:\/\/www.marinpasalodos.com\/ro\/wp-json\/wp\/v2\/comments?post=28076"}],"version-history":[{"count":1,"href":"https:\/\/www.marinpasalodos.com\/ro\/wp-json\/wp\/v2\/pages\/28076\/revisions"}],"predecessor-version":[{"id":28077,"href":"https:\/\/www.marinpasalodos.com\/ro\/wp-json\/wp\/v2\/pages\/28076\/revisions\/28077"}],"up":[{"embeddable":true,"href":"https:\/\/www.marinpasalodos.com\/ro\/wp-json\/wp\/v2\/pages\/250"}],"wp:attachment":[{"href":"https:\/\/www.marinpasalodos.com\/ro\/wp-json\/wp\/v2\/media?parent=28076"}],"curies":[{"name":"wp","href":"https:\/\/api.w.org\/{rel}","templated":true}]}}