{"id":514,"date":"2014-11-20T14:13:35","date_gmt":"2014-11-20T14:13:35","guid":{"rendered":"https:\/\/www.marinpasalodos.com\/politicas-de-privacidad-2\/"},"modified":"2019-04-24T14:36:31","modified_gmt":"2019-04-24T14:36:31","slug":"politicas-de-privacidad","status":"publish","type":"page","link":"https:\/\/www.marinpasalodos.com\/ro\/politicas-de-privacidad\/","title":{"rendered":"Pol\u00edtica de privacidad del gabinete de abogados Marin &#038; Pasalodos S.L."},"content":{"rendered":"<h2>QUI\u00c9NES SOMOS<\/h2>\n<p>A trav\u00e9s de este documento se regula el tratamiento de los datos personales facilitados por los usuarios, visitantes e interesados en los servicios ofrecidos por este portal (el \u201cSitio Web\u201d). Puedes consultar la informaci\u00f3n relativa a la sociedad que gestiona el Sitio Web (la SOCIEDAD) visitando al Aviso Legal que aparece al pie de la p\u00e1gina principal.<br \/>\nCONTENIDO Y ACEPTACI\u00d3N DE LA POL\u00cdTICA DE PRIVACIDAD<\/p>\n<p>La presente Pol\u00edtica de Privacidad tiene por objeto dar a conocer el modo en que recabamos, tratamos y protegemos los datos de car\u00e1cter personal recabados a trav\u00e9s del Sitio Web, a fin de que los usuarios determinen libre y voluntariamente si desean facilitar sus datos personales a trav\u00e9s de los formularios habilitados al efecto.<br \/>\nEl Sitio Web proporcionar\u00e1 a los usuarios los recursos t\u00e9cnicos adecuados para que, con car\u00e1cter previo a la cumplimentaci\u00f3n de los datos personales, puedan acceder a esta Pol\u00edtica de Privacidad y a cualquier otra informaci\u00f3n relevante en materia de Protecci\u00f3n de Datos de Car\u00e1cter Personal.<br \/>\nEl acceso y uso del Sitio Web por el usuario (el \u201cUsuario\u201d) implica que acepta en su totalidad y se obliga a cumplir por completo los t\u00e9rminos y condiciones recogidos en la presente Pol\u00edtica de Privacidad, as\u00ed como en las disposiciones contenidas en el Aviso Legal y Condiciones de Uso, la Pol\u00edtica de Cookies y, en su caso, las Condiciones Generales Contrataci\u00f3n; configur\u00e1ndose los citados documentos en su conjunto como los Textos Legales rectores del Sitio Web. La prestaci\u00f3n del servicio del Sitio Web tiene una duraci\u00f3n limitada al momento en el que el Usuario se encuentre conectado al Sitio Web o alguno de los servicios que a trav\u00e9s del mismo se facilitan; por tanto, el Usuario debe leer atentamente la presente Pol\u00edtica de Privacidad en cada una de las ocasiones que se proponga utilizar el Sitio Web, ya que \u00e9sta puede sufrir modificaciones en funci\u00f3n de novedades o exigencias legislativas y jurisprudenciales o por necesidades de negocio.<br \/>\nLa presente Pol\u00edtica de Privacidad ser\u00e1 v\u00e1lida \u00fanicamente para los datos de car\u00e1cter personal obtenidos en el Sitio Web, no siendo aplicable para aquella informaci\u00f3n recabada por terceros en otras p\u00e1ginas web, incluso si \u00e9stas se encuentran enlazadas por el Sitio Web.<\/p>\n<h2>RESPONSABLES DE LOS FICHEROS Y RECOGIDA DE LOS DATOS DE CAR\u00c1CTER PERSONAL<\/h2>\n<p>En cumplimiento con lo dispuesto en la Ley Org\u00e1nica 15\/1999, de 13 de diciembre, de Protecci\u00f3n de Datos de Car\u00e1cter Personal y su normativa de desarrollo, ponemos en conocimiento del Usuario que los datos recabados a trav\u00e9s de cualesquiera formularios de recogida de datos del Sitio Web ser\u00e1n incorporados a dos ficheros de datos de car\u00e1cter personal titularidad de la SOCIEDAD garantizando la confidencialidad de los datos de car\u00e1cter personal facilitados y el cumplimiento de toda la normativa aplicable al efecto.<br \/>\nTodos los campos que aparezcan se\u00f1alados con un asterisco (*) en dichos formularios ser\u00e1n de obligada cumplimentaci\u00f3n, de tal modo que la omisi\u00f3n de alguno de ellos podr\u00eda comportar la imposibilidad de que se pueda atender su solicitud.<br \/>\nAsimismo, al hacer \u201cclick\u201d en el bot\u00f3n \u201cEnviar\u201d (o equivalente) incorporado en los citados formularios, declara que la informaci\u00f3n y los datos que en ellos ha facilitado son exactos y veraces. Para que la informaci\u00f3n facilitada est\u00e9 siempre actualizada y no contenga errores, el Usuario deber\u00e1 comunicar, a la mayor brevedad posible, las modificaciones de sus datos de car\u00e1cter personal que se vayan produciendo, as\u00ed como las rectificaciones de datos err\u00f3neos en caso de que detecte alguno.<br \/>\nEn el contexto de los tratamientos que se describen a continuaci\u00f3n, es posible que suministre datos de car\u00e1cter personal relativos a terceros. En este sentido, es su responsabilidad informar de tal circunstancia a los terceros cuyos datos nos va a ceder, as\u00ed como, en caso de ser necesario, obtener su consentimiento expreso para suministrarnos dicha informaci\u00f3n.<\/p>\n<h2>DESCRIPCI\u00d3N DE LOS TRATAMIENTOS DE DATOS QUE SE REALIZAN A TRAV\u00c9S DEL SITIO WEB<\/h2>\n<p>Tratamientos de datos por la SOCIEDAD<br \/>\nLa SOCIEDAD podr\u00e1 tratar sus datos de car\u00e1cter personal de acuerdo con las siguientes finalidades, en funci\u00f3n del formulario completado en cada caso:<br \/>\nGestionar su navegaci\u00f3n a trav\u00e9s del Sitio Web.<br \/>\nGestionar su registro de usuario e identificarle como \u201cusuario registrado\u201d para as\u00ed personalizar su interfaz y mostrarle contenido e informaci\u00f3n acorde a sus intereses.<br \/>\nDarle de alta como participante de concursos y\/o sorteos organizados por la SOCIEDAD, o por terceros, para gestionar adecuadamente su participaci\u00f3n en los mismos.<br \/>\nDar respuesta a las dudas, quejas, comentarios o inquietudes que pueda tener relativas a la informaci\u00f3n incluida en el Sitio Web, los servicios que se prestan a trav\u00e9s del Sitio Web, el tratamiento de sus datos personales, cuestiones referentes a los textos legales incluidos en el Sitio Web, as\u00ed como cualesquiera otras consultas que pueda tener.<br \/>\nGestionar y promocionar apropiadamente el contenido de los anuncios que cargue en el Sitio Web, con el fin de agilizar las respuestas de posibles compradores.<br \/>\nRealizar actividades de comercio electr\u00f3nico, en su caso.<br \/>\nTratar sus datos con fines comerciales, siempre que el Usuario haya consentido el pertinente tratamiento de datos personales, ya sea por medios ordinarios o electr\u00f3nicos. En funci\u00f3n de las opciones autorizadas por el Usuario, los env\u00edos podr\u00e1n ir referidos a productos y\/o servicios de la SOCIEDAD, y\/o servicios de terceros seleccionados por la SOCIEDAD de diferentes \u00e1reas de actividad.<\/p>\n<p>Gestionar el cumplimiento, mantenimiento, desarrollo y control de las cualesquiera relaciones que la SOCIEDAD mantenga con el Usuario.<br \/>\nCualquier otra finalidad que sea espec\u00edficamente reflejada en las correspondientes leyendas y\/o condiciones particulares del formulario de recogida de datos, a fin de atender los distintos tipos de relaciones que pueda mantener con el Usuario en funci\u00f3n de cada caso.<\/p>\n<p>En cualquier caso, el Usuario no queda obligado a recibir la mencionada publicidad e informaci\u00f3n ni a contestar las encuestas, ya sea mediante la no marcaci\u00f3n de las correspondientes casillas del formulario, ya sea mediante comunicaci\u00f3n posterior, ya que si en un determinado momento el Usuario no desea seguir recibiendo comunicaciones de esta naturaleza, podr\u00e1 revocar su consentimiento mediante el env\u00edo de la notificaci\u00f3n pertinente a las direcciones que constan en el apartado denominado \u201cEjercicio de derechos\u201d de la presente Pol\u00edtica de Privacidad, aportando copia de un documento que permita acreditar su identidad, o bien utilizando el link habilitado al efecto en las comunicaciones comerciales que reciba. La solicitud ser\u00e1 atendida a la mayor brevedad posible.<br \/>\nPor \u00faltimo, indicar que la SOCIEDAD act\u00faa como mero difusor en relaci\u00f3n a los &#8222;banners&#8221; o pancartas publicitarias u otros medios publicitarios que aparecen en el Sitio Web, resultando por tanto dicha publicidad ajena al r\u00e9gimen de servicios prestados por la SOCIEDAD y a su pol\u00edtica de privacidad.<\/p>\n<h2>CONSENTIMIENTO<\/h2>\n<p>Al usar el Sitio Web el Usuario nos autoriza a recabar y tratar los datos descritos en la presente Pol\u00edtica de Privacidad y la Pol\u00edtica de Cookies. Si introduj\u00e9semos alg\u00fan cambio en los procedimientos y pol\u00edticas de privacidad, publicaremos dichos cambios en el Sitio Web para mantener al Usuario informado sobre el tipo de informaci\u00f3n que recopilamos, c\u00f3mo la tratamos y en qu\u00e9 circunstancias podr\u00edamos revelarla.<br \/>\nEl Usuario queda informado, asimismo, de que podr\u00e1 revocar el consentimiento prestado para el tratamiento de sus datos, siempre que sea legalmente adecuado, mediante el env\u00edo de la notificaci\u00f3n pertinente a las direcciones que constan en el apartado \u201cEjercicio de derechos\u201d de la presente Pol\u00edtica de Privacidad, aportando copia de un documento que permita acreditar su identidad.<\/p>\n<h2>COOKIES<\/h2>\n<p>Al igual que otros portales de Internet, el Sitio Web utiliza una tecnolog\u00eda denominada \u201ccookies&#8221; para recabar informaci\u00f3n sobre la forma de utilizaci\u00f3n del Sitio Web. Si desea obtener informaci\u00f3n detallada sobre c\u00f3mo la SOCIEDAD utiliza las cookies, consulte la Pol\u00edtica de Cookies.<\/p>\n<h2>CESI\u00d3N DE DATOS PERSONALES<\/h2>\n<p>No comunicaremos los datos de car\u00e1cter personal del Usuario a terceras empresas sin recabar su previo consentimiento, salvo que la cesi\u00f3n de sus datos fuese necesaria para el mantenimiento de la relaci\u00f3n con el Usuario.<\/p>\n<p>En todo caso, cuando la cesi\u00f3n no sea necesaria para la correcta prestaci\u00f3n del servicio contratado, en los formularios de recogida de datos informaremos al Usuario de la finalidad del tratamiento y de la identidad o sectores de actividad de los posibles cesionarios de los datos personales, ofreciendo previamente al Usuario la posibilidad de aceptar o no esta cesi\u00f3n.<\/p>\n<h2>SEGURIDAD<\/h2>\n<p>La SOCIEDAD ha implementado y mantiene los m\u00e1s altos niveles de seguridad exigidos por la Ley para proteger los datos de car\u00e1cter personal del Usuario frente a p\u00e9rdidas fortuitas y a accesos, tratamientos o revelaciones no autorizados, habida cuenta del estado de la tecnolog\u00eda, la naturaleza de los datos almacenados y los riesgos a que est\u00e1n expuestos. No obstante, la transmisi\u00f3n de informaci\u00f3n a trav\u00e9s de Internet no es totalmente segura; por ello, y a pesar de que la SOCIEDAD realizar\u00e1 sus mejores esfuerzos para proteger los datos del Usuario, no puede garantizar la seguridad de los mismos durante el tr\u00e1nsito hasta el Sitio Web. Toda la informaci\u00f3n que el Usuario facilite, se enviar\u00e1 por su cuenta y riesgo. Una vez recibidos los datos del Usuario, la SOCIEDAD utilizar\u00e1 rigurosos procedimientos y funciones de seguridad para impedir cualquier acceso no autorizado.<\/p>\n<h2>SITIOS DE TERCEROS<\/h2>\n<p>En el Sitio Web se podr\u00edan incluir enlaces a sitios controlados por terceros. El Usuario debe recordar que al usar un enlace para acceder desde el Sitio Web a otro, dejar\u00e1n de surtir efectos la Pol\u00edtica de Privacidad y la Pol\u00edtica de Cookies. La presente Pol\u00edtica de Privacidad no refleja las pr\u00e1cticas en materia de privacidad de esos otros sitios de terceros. La SOCIEDAD declina cualquier tipo de responsabilidad con respecto a la privacidad y el tratamiento de datos de otros sitios web. La navegaci\u00f3n e interacci\u00f3n en cualquier otro sitio web, incluidos aquellos que est\u00e9n enlazados con el Sitio Web, est\u00e1 sujeta a las normas y pol\u00edticas de dicho sitio. Recomendamos al Usuario que lea las pol\u00edticas de tratamiento de datos y privacidad de los sitios web que visite a trav\u00e9s del enlace existente en el Sitio Web o de cualquier otro modo. Si el Usuario desea obtener m\u00e1s informaci\u00f3n, podr\u00e1 consultar Condiciones de Uso.<\/p>\n<h2>CONFIDENCIALIDAD<\/h2>\n<p>Los datos personales que podamos recabar a trav\u00e9s del Sitio Web o por medio de las distintas comunicaciones que mantengamos con el Usuario ser\u00e1n tratados con absoluta confidencialidad, comprometi\u00e9ndonos a guardar secreto respecto de los mismos y garantizando el deber de guardarlos adoptando todas las medidas necesarias que eviten su alteraci\u00f3n, p\u00e9rdida y tratamiento o acceso no autorizado, de acuerdo con lo establecido en la legislaci\u00f3n aplicable.<\/p>\n<h2>PROPIEDAD INTELECTUAL<\/h2>\n<p>Los derechos de propiedad intelectual del Sitio Web, su c\u00f3digo fuente, dise\u00f1o, estructuras de navegaci\u00f3n y los distintos elementos en ella contenidos son titularidad de la SOCIEDAD, a quien corresponde el ejercicio exclusivo de los derechos de explotaci\u00f3n de los mismos en cualquier forma y en especial, los derechos de reproducci\u00f3n, distribuci\u00f3n, comunicaci\u00f3n p\u00fablica y transformaci\u00f3n, de acuerdo con la legislaci\u00f3n espa\u00f1ola y de la uni\u00f3n europea aplicable. La SOCIEDAD informa al Usuario de que no concede licencia o autorizaci\u00f3n expresa o impl\u00edcita alguna sobre los derechos de propiedad intelectual y\/o industrial o sobre cualquier otro derecho o propiedad relacionada, directa o indirectamente, con los contenidos incluidos en el Sitio Web.<br \/>\nQueda totalmente prohibida la reproducci\u00f3n total o parcial de los contenidos del Sitio Web. La utilizaci\u00f3n no autorizada de estos contenidos dar\u00e1 lugar a las responsabilidades legalmente establecidas. La SOCIEDAD no ser\u00e1 responsable de las infracciones realizadas por el Usuario del Sitio Web que afecten a terceros.<br \/>\nLa SOCIEDAD informa al Usuario de que en caso de que suba contenidos al Sitio Web, el Usuario seguir\u00e1 manteniendo la titularidad de los derechos sobre su contenido, si bien deber\u00e1 otorgar una licencia de los mismos a favor de la SOCIEDAD y de otros usuarios del Sitio Web de conformidad con los siguientes t\u00e9rminos y condiciones:<br \/>\nAl subir, cargar o publicar contenido en el Sitio Web (el \u201cContenido\u201d) el Usuario acepta otorgar:<br \/>\na favor de la SOCIEDAD, una licencia para todo el mundo, no exclusiva y transferible (con facultad de sublicenciar a terceros), por la duraci\u00f3n m\u00e1xima de los derechos de conformidad con la legislaci\u00f3n aplicable, para utilizar, reproducir, distribuir, comunicar p\u00fablicamente (incluida la puesta a disposici\u00f3n del p\u00fablico), realizar obras derivadas, transformar, mostrar y ejecutar ese Contenido en relaci\u00f3n con la prestaci\u00f3n de los servicios del Sitio Web y con el funcionamiento del Sitio Web y de la actividad de la SOCIEDAD, incluyendo sin limitaci\u00f3n alguna, a efectos de promoci\u00f3n y redistribuci\u00f3n de la totalidad o de una parte del Sitio Web (y de sus obras derivadas) en cualquier formato y\/o modalidades de explotaci\u00f3n y a trav\u00e9s de cualquier canal de comunicaci\u00f3n; a favor de cada usuario del Sitio Web, una licencia para todo el mundo, no exclusiva para acceder a su Contenido a trav\u00e9s del Sitio Web, y para poder utilizar, reproducir, realizar obras derivadas, transformar y ejecutar el Contenido.<br \/>\nLas anteriores licencias otorgadas por el Usuario con respecto al contenido quedar\u00e1n canceladas cuando el Usuario elimine o borre sus contenidos del Sitio Web.<\/p>\n<h2>REGISTRO DE USUARIO Y CONTRASE\u00d1A<\/h2>\n<p>Asimismo, le informamos de que mediante el registro se le asigna un usuario y contrase\u00f1a que le permitir\u00e1 iniciar sesi\u00f3n, en cualquier momento, como Usuario Registrado del Sitio Web y, por tanto, acceder a todas las funcionalidades del mismo. La contrase\u00f1a podr\u00e1 ser modificada por el Usuario, si bien en tal caso \u00e9ste no podr\u00e1 elegir expresiones o conjuntos gr\u00e1fico-denominativos malsonantes, injuriosos, coincidentes con marcas, nombres comerciales, r\u00f3tulos de establecimientos, denominaciones sociales, expresiones publicitarias, nombres o pseud\u00f3nimos de personajes de relevancia p\u00fablica o famosos para cuya utilizaci\u00f3n no est\u00e9 autorizado, y, en general, contrarios a la ley o a las exigencias de la moral y las buenas costumbres generalmente aceptadas.<br \/>\nPara tener acceso a determinados servicios que el Sitio Web le ofrece ser\u00e1 necesario que el Usuario nos proporcione informaci\u00f3n espec\u00edfica. El Usuario deber\u00e1 proporcionar informaci\u00f3n ver\u00eddica, quedando prohibido el uso de alias o medios para ocultar su identidad, con excepci\u00f3n de los casos en que el mismo formulario le solicite al Usuario de manera expresa la creaci\u00f3n de un nombre de usuario, nick o alias.<br \/>\nEs indispensable que el Usuario resguarde en todo momento los n\u00fameros de referencia, contrase\u00f1as y c\u00f3digos de acceso que le ser\u00e1n provistos. El Usuario ser\u00e1 el \u00fanico responsable en caso del uso, autorizado o no, de su cuenta personal, y en este sentido se compromete a hacer un uso diligente de dicha informaci\u00f3n, a no ponerla a disposici\u00f3n de terceros, y a comunicar su p\u00e9rdida o robo.<\/p>\n<h2>MENORES<\/h2>\n<p>Los menores de 18 a\u00f1os no podr\u00e1n usar los servicios disponibles a trav\u00e9s del Sitio Web sin la previa autorizaci\u00f3n de sus padres, tutores o representantes legales, quienes ser\u00e1n responsables de todos los actos realizados a trav\u00e9s del Sitio Web por los menores a su cargo, incluyendo la cumplimentaci\u00f3n de los formularios con los datos personales de dichos menores y la marcaci\u00f3n, en su caso, de las casillas que los acompa\u00f1an.<\/p>\n<h2>EJERCICIO DE DERECHOS<\/h2>\n<p>El Usuario podr\u00e1 ejercer en cualquier momento sus derechos de acceso, rectificaci\u00f3n, cancelaci\u00f3n y oposici\u00f3n al tratamiento de sus datos de car\u00e1cter personal mediante el env\u00edo de una notificaci\u00f3n por escrito, adjuntando fotocopia de un documento que acredite su identidad, a las direcciones indicadas aqu\u00ed.<br \/>\nPara cualquier duda relacionada con la presente Pol\u00edtica de Privacidad, el Usuario podr\u00e1 ponerse en contacto con la SOCIEDAD a trav\u00e9s de esas mismas direcciones.<\/p>\n","protected":false},"excerpt":{"rendered":"<p>QUI\u00c9NES SOMOS A trav\u00e9s de este documento se regula el tratamiento de los datos personales facilitados por los usuarios, visitantes e interesados en los servicios ofrecidos por este portal (el \u201cSitio Web\u201d). Puedes consultar la informaci\u00f3n relativa a la sociedad que gestiona el Sitio Web (la SOCIEDAD) visitando al Aviso Legal que aparece al pie  [&#8230;]<\/p>\n","protected":false},"author":5,"featured_media":0,"parent":0,"menu_order":0,"comment_status":"closed","ping_status":"closed","template":"","meta":{"footnotes":""},"class_list":["post-514","page","type-page","status-publish","hentry"],"yoast_head":"<!-- This site is optimized with the Yoast SEO plugin v26.8 - https:\/\/yoast.com\/product\/yoast-seo-wordpress\/ -->\n<title>Pol\u00edtica de privacidad del gabinete de abogados Marin &amp; Pasalodos S.L.<\/title>\n<meta name=\"description\" content=\"La presente Pol\u00edtica de Privacidad tiene por objeto dar a conocer el modo en que recabamos, tratamos y protegemos los datos de car\u00e1cter personal recabados\" \/>\n<meta name=\"robots\" content=\"index, follow, max-snippet:-1, max-image-preview:large, max-video-preview:-1\" \/>\n<link rel=\"canonical\" href=\"https:\/\/www.marinpasalodos.com\/politicas-de-privacidad\/\" \/>\n<meta property=\"og:locale\" content=\"ro_RO\" \/>\n<meta property=\"og:type\" content=\"article\" \/>\n<meta property=\"og:title\" content=\"Pol\u00edtica de privacidad del gabinete de abogados Marin &amp; Pasalodos S.L.\" \/>\n<meta property=\"og:description\" content=\"La presente Pol\u00edtica de Privacidad tiene por objeto dar a conocer el modo en que recabamos, tratamos y protegemos los datos de car\u00e1cter personal recabados\" \/>\n<meta property=\"og:url\" content=\"https:\/\/www.marinpasalodos.com\/politicas-de-privacidad\/\" \/>\n<meta property=\"og:site_name\" content=\"Abogados Marin Pasalodos\" \/>\n<meta property=\"article:modified_time\" content=\"2019-04-24T14:36:31+00:00\" \/>\n<meta name=\"twitter:label1\" content=\"Timp estimat pentru citire\" \/>\n\t<meta name=\"twitter:data1\" content=\"14 minute\" \/>\n<script type=\"application\/ld+json\" class=\"yoast-schema-graph\">{\"@context\":\"https:\/\/schema.org\",\"@graph\":[{\"@type\":\"WebPage\",\"@id\":\"https:\/\/www.marinpasalodos.com\/ro\/politicas-de-privacidad\/\",\"url\":\"https:\/\/www.marinpasalodos.com\/politicas-de-privacidad\/\",\"name\":\"Pol\u00edtica de privacidad del gabinete de abogados Marin & Pasalodos S.L.\",\"isPartOf\":{\"@id\":\"https:\/\/www.marinpasalodos.com\/#website\"},\"datePublished\":\"2014-11-20T14:13:35+00:00\",\"dateModified\":\"2019-04-24T14:36:31+00:00\",\"description\":\"La presente Pol\u00edtica de Privacidad tiene por objeto dar a conocer el modo en que recabamos, tratamos y protegemos los datos de car\u00e1cter personal recabados\",\"breadcrumb\":{\"@id\":\"https:\/\/www.marinpasalodos.com\/politicas-de-privacidad\/#breadcrumb\"},\"inLanguage\":\"ro-RO\",\"potentialAction\":[{\"@type\":\"ReadAction\",\"target\":[\"https:\/\/www.marinpasalodos.com\/politicas-de-privacidad\/\"]}]},{\"@type\":\"BreadcrumbList\",\"@id\":\"https:\/\/www.marinpasalodos.com\/politicas-de-privacidad\/#breadcrumb\",\"itemListElement\":[{\"@type\":\"ListItem\",\"position\":1,\"name\":\"Home\",\"item\":\"https:\/\/www.marinpasalodos.com\/ro\/\"},{\"@type\":\"ListItem\",\"position\":2,\"name\":\"Pol\u00edtica de privacidad del gabinete de abogados Marin &#038; Pasalodos S.L.\"}]},{\"@type\":\"WebSite\",\"@id\":\"https:\/\/www.marinpasalodos.com\/#website\",\"url\":\"https:\/\/www.marinpasalodos.com\/\",\"name\":\"Abogados Marin Pasalodos\",\"description\":\"Bufete de abogados en Barcelona Marin\",\"potentialAction\":[{\"@type\":\"SearchAction\",\"target\":{\"@type\":\"EntryPoint\",\"urlTemplate\":\"https:\/\/www.marinpasalodos.com\/?s={search_term_string}\"},\"query-input\":{\"@type\":\"PropertyValueSpecification\",\"valueRequired\":true,\"valueName\":\"search_term_string\"}}],\"inLanguage\":\"ro-RO\"}]}<\/script>\n<!-- \/ Yoast SEO plugin. -->","yoast_head_json":{"title":"Pol\u00edtica de privacidad del gabinete de abogados Marin & Pasalodos S.L.","description":"La presente Pol\u00edtica de Privacidad tiene por objeto dar a conocer el modo en que recabamos, tratamos y protegemos los datos de car\u00e1cter personal recabados","robots":{"index":"index","follow":"follow","max-snippet":"max-snippet:-1","max-image-preview":"max-image-preview:large","max-video-preview":"max-video-preview:-1"},"canonical":"https:\/\/www.marinpasalodos.com\/politicas-de-privacidad\/","og_locale":"ro_RO","og_type":"article","og_title":"Pol\u00edtica de privacidad del gabinete de abogados Marin & Pasalodos S.L.","og_description":"La presente Pol\u00edtica de Privacidad tiene por objeto dar a conocer el modo en que recabamos, tratamos y protegemos los datos de car\u00e1cter personal recabados","og_url":"https:\/\/www.marinpasalodos.com\/politicas-de-privacidad\/","og_site_name":"Abogados Marin Pasalodos","article_modified_time":"2019-04-24T14:36:31+00:00","twitter_misc":{"Timp estimat pentru citire":"14 minute"},"schema":{"@context":"https:\/\/schema.org","@graph":[{"@type":"WebPage","@id":"https:\/\/www.marinpasalodos.com\/ro\/politicas-de-privacidad\/","url":"https:\/\/www.marinpasalodos.com\/politicas-de-privacidad\/","name":"Pol\u00edtica de privacidad del gabinete de abogados Marin & Pasalodos S.L.","isPartOf":{"@id":"https:\/\/www.marinpasalodos.com\/#website"},"datePublished":"2014-11-20T14:13:35+00:00","dateModified":"2019-04-24T14:36:31+00:00","description":"La presente Pol\u00edtica de Privacidad tiene por objeto dar a conocer el modo en que recabamos, tratamos y protegemos los datos de car\u00e1cter personal recabados","breadcrumb":{"@id":"https:\/\/www.marinpasalodos.com\/politicas-de-privacidad\/#breadcrumb"},"inLanguage":"ro-RO","potentialAction":[{"@type":"ReadAction","target":["https:\/\/www.marinpasalodos.com\/politicas-de-privacidad\/"]}]},{"@type":"BreadcrumbList","@id":"https:\/\/www.marinpasalodos.com\/politicas-de-privacidad\/#breadcrumb","itemListElement":[{"@type":"ListItem","position":1,"name":"Home","item":"https:\/\/www.marinpasalodos.com\/ro\/"},{"@type":"ListItem","position":2,"name":"Pol\u00edtica de privacidad del gabinete de abogados Marin &#038; Pasalodos S.L."}]},{"@type":"WebSite","@id":"https:\/\/www.marinpasalodos.com\/#website","url":"https:\/\/www.marinpasalodos.com\/","name":"Abogados Marin Pasalodos","description":"Bufete de abogados en Barcelona Marin","potentialAction":[{"@type":"SearchAction","target":{"@type":"EntryPoint","urlTemplate":"https:\/\/www.marinpasalodos.com\/?s={search_term_string}"},"query-input":{"@type":"PropertyValueSpecification","valueRequired":true,"valueName":"search_term_string"}}],"inLanguage":"ro-RO"}]}},"_links":{"self":[{"href":"https:\/\/www.marinpasalodos.com\/ro\/wp-json\/wp\/v2\/pages\/514","targetHints":{"allow":["GET"]}}],"collection":[{"href":"https:\/\/www.marinpasalodos.com\/ro\/wp-json\/wp\/v2\/pages"}],"about":[{"href":"https:\/\/www.marinpasalodos.com\/ro\/wp-json\/wp\/v2\/types\/page"}],"author":[{"embeddable":true,"href":"https:\/\/www.marinpasalodos.com\/ro\/wp-json\/wp\/v2\/users\/5"}],"replies":[{"embeddable":true,"href":"https:\/\/www.marinpasalodos.com\/ro\/wp-json\/wp\/v2\/comments?post=514"}],"version-history":[{"count":6,"href":"https:\/\/www.marinpasalodos.com\/ro\/wp-json\/wp\/v2\/pages\/514\/revisions"}],"predecessor-version":[{"id":27890,"href":"https:\/\/www.marinpasalodos.com\/ro\/wp-json\/wp\/v2\/pages\/514\/revisions\/27890"}],"wp:attachment":[{"href":"https:\/\/www.marinpasalodos.com\/ro\/wp-json\/wp\/v2\/media?parent=514"}],"curies":[{"name":"wp","href":"https:\/\/api.w.org\/{rel}","templated":true}]}}