{"id":522,"date":"2014-11-20T14:35:10","date_gmt":"2014-11-20T14:35:10","guid":{"rendered":"https:\/\/www.marinpasalodos.com\/?page_id=522"},"modified":"2019-04-24T14:31:23","modified_gmt":"2019-04-24T14:31:23","slug":"conditiile-care-se-poate-recupera-plata-efectuata-pentru-cumpararea-unui-serviciu","status":"publish","type":"page","link":"https:\/\/www.marinpasalodos.com\/ro\/conditiile-care-se-poate-recupera-plata-efectuata-pentru-cumpararea-unui-serviciu\/","title":{"rendered":"Conditiile in care se poate recupera plata efectuata pentru cumpararea unui serviciu"},"content":{"rendered":"<p>Se va restitui suma pl\u0103tita DOAR \u00een cazul \u00een care produsul a fost imposibil s\u0103 fie dus la bun sfarsit, interzis, de ne\u00een\u021beles, sau orice alt motiv pe care proprietarul site-ului il considera irealizabil, rezervandu-si acesta din urm\u0103, dreptul de anulare al serviciului respectiv f\u0103r\u0103 sa trebuiasca s\u0103 dovedeasc\u0103 motivele\/cauzele, fiind obligat s\u0103 restituie suma pl\u0103tit\u0103 \u00een termen de 72 de ore de la momentul solicitarii\/cumpararii serviciului respectiv.<br \/>\nConsumatorul are dreptul la rambursarea sumei platite \u00een cazul \u00een care nu s-a respectat termenul stipulat pentru efectuarea serviciului respectiv.<\/p>\n<p>In cazul in care, pentru a duce la bun sfarsit serviciul pentru care s-a platit, este nevoie, din cauza complexitatii cauzei, intrebarilor etc, de mai multe documente, mai multe date sau mai multe informatii, NU SE VA MAI APLICA obligativitatea proprietarului paginii web de a raspunde\/ a satisface serviciul in termenul stabilit, precizand acest inconvenient consumatorului, care poate opta intre rambursarea sumei platite sau continuarea procedurii cu cerintele solicitate de proprietarul paginii web si sub conditiile ce trebuiesc acceptate de ambele parti.<\/p>\n<p>Proprietarul site-ului nu este responsabil pentru rambursarea sumei \u00een cazul \u00een care consumatorul CONSIDERA ca serviciul platit nu a fost dus la bun sfarsit in mod satisfacator, daca acesta a fost realizat in termenul prevazut, el avand dreptul sa comunice eventuala nemultumire in sectiunea paginii web indicata prin cuvantul \u201cincidente\u201d.<\/p>\n","protected":false},"excerpt":{"rendered":"<p>Se va restitui suma pl\u0103tita DOAR \u00een cazul \u00een care produsul a fost imposibil s\u0103 fie dus la bun sfarsit, interzis, de ne\u00een\u021beles, sau orice alt motiv pe care proprietarul site-ului il considera irealizabil, rezervandu-si acesta din urm\u0103, dreptul de anulare al serviciului respectiv f\u0103r\u0103 sa trebuiasca s\u0103 dovedeasc\u0103 motivele\/cauzele, fiind obligat s\u0103 restituie suma  [&#8230;]<\/p>\n","protected":false},"author":5,"featured_media":0,"parent":0,"menu_order":0,"comment_status":"closed","ping_status":"closed","template":"","meta":{"footnotes":""},"class_list":["post-522","page","type-page","status-publish","hentry"],"yoast_head":"<!-- This site is optimized with the Yoast SEO plugin v27.5 - https:\/\/yoast.com\/product\/yoast-seo-wordpress\/ -->\n<title>Conditiile in care se poate recupera plata pentru cumpararea unui serviciu<\/title>\n<meta name=\"description\" content=\"Se va restitui suma pl\u0103tita DOAR \u00een cazul \u00een care produsul a fost imposibil s\u0103 fie dus la bun sfarsit, interzis, de ne\u00een\u021beles, sau orice alt motiv\" \/>\n<meta name=\"robots\" content=\"index, follow, max-snippet:-1, max-image-preview:large, max-video-preview:-1\" \/>\n<link rel=\"canonical\" href=\"https:\/\/www.marinpasalodos.com\/ro\/conditiile-care-se-poate-recupera-plata-efectuata-pentru-cumpararea-unui-serviciu\/\" \/>\n<meta property=\"og:locale\" content=\"ro_RO\" \/>\n<meta property=\"og:type\" content=\"article\" \/>\n<meta property=\"og:title\" content=\"Conditiile in care se poate recupera plata pentru cumpararea unui serviciu\" \/>\n<meta property=\"og:description\" content=\"Se va restitui suma pl\u0103tita DOAR \u00een cazul \u00een care produsul a fost imposibil s\u0103 fie dus la bun sfarsit, interzis, de ne\u00een\u021beles, sau orice alt motiv\" \/>\n<meta property=\"og:url\" content=\"https:\/\/www.marinpasalodos.com\/ro\/conditiile-care-se-poate-recupera-plata-efectuata-pentru-cumpararea-unui-serviciu\/\" \/>\n<meta property=\"og:site_name\" content=\"Abogados Marin Pasalodos\" \/>\n<meta property=\"article:modified_time\" content=\"2019-04-24T14:31:23+00:00\" \/>\n<meta name=\"twitter:label1\" content=\"Timp estimat pentru citire\" \/>\n\t<meta name=\"twitter:data1\" content=\"1 minut\" \/>\n<script type=\"application\/ld+json\" class=\"yoast-schema-graph\">{\"@context\":\"https:\\\/\\\/schema.org\",\"@graph\":[{\"@type\":\"WebPage\",\"@id\":\"https:\\\/\\\/www.marinpasalodos.com\\\/ro\\\/conditiile-care-se-poate-recupera-plata-efectuata-pentru-cumpararea-unui-serviciu\\\/\",\"url\":\"https:\\\/\\\/www.marinpasalodos.com\\\/ro\\\/conditiile-care-se-poate-recupera-plata-efectuata-pentru-cumpararea-unui-serviciu\\\/\",\"name\":\"Conditiile in care se poate recupera plata pentru cumpararea unui serviciu\",\"isPartOf\":{\"@id\":\"https:\\\/\\\/www.marinpasalodos.com\\\/#website\"},\"datePublished\":\"2014-11-20T14:35:10+00:00\",\"dateModified\":\"2019-04-24T14:31:23+00:00\",\"description\":\"Se va restitui suma pl\u0103tita DOAR \u00een cazul \u00een care produsul a fost imposibil s\u0103 fie dus la bun sfarsit, interzis, de ne\u00een\u021beles, sau orice alt motiv\",\"breadcrumb\":{\"@id\":\"https:\\\/\\\/www.marinpasalodos.com\\\/ro\\\/conditiile-care-se-poate-recupera-plata-efectuata-pentru-cumpararea-unui-serviciu\\\/#breadcrumb\"},\"inLanguage\":\"ro-RO\",\"potentialAction\":[{\"@type\":\"ReadAction\",\"target\":[\"https:\\\/\\\/www.marinpasalodos.com\\\/ro\\\/conditiile-care-se-poate-recupera-plata-efectuata-pentru-cumpararea-unui-serviciu\\\/\"]}]},{\"@type\":\"BreadcrumbList\",\"@id\":\"https:\\\/\\\/www.marinpasalodos.com\\\/ro\\\/conditiile-care-se-poate-recupera-plata-efectuata-pentru-cumpararea-unui-serviciu\\\/#breadcrumb\",\"itemListElement\":[{\"@type\":\"ListItem\",\"position\":1,\"name\":\"Home\",\"item\":\"https:\\\/\\\/www.marinpasalodos.com\\\/ro\\\/\"},{\"@type\":\"ListItem\",\"position\":2,\"name\":\"Conditiile in care se poate recupera plata efectuata pentru cumpararea unui serviciu\"}]},{\"@type\":\"WebSite\",\"@id\":\"https:\\\/\\\/www.marinpasalodos.com\\\/#website\",\"url\":\"https:\\\/\\\/www.marinpasalodos.com\\\/\",\"name\":\"Abogados Marin Pasalodos\",\"description\":\"Bufete de abogados en Barcelona Marin\",\"potentialAction\":[{\"@type\":\"SearchAction\",\"target\":{\"@type\":\"EntryPoint\",\"urlTemplate\":\"https:\\\/\\\/www.marinpasalodos.com\\\/?s={search_term_string}\"},\"query-input\":{\"@type\":\"PropertyValueSpecification\",\"valueRequired\":true,\"valueName\":\"search_term_string\"}}],\"inLanguage\":\"ro-RO\"}]}<\/script>\n<!-- \/ Yoast SEO plugin. -->","yoast_head_json":{"title":"Conditiile in care se poate recupera plata pentru cumpararea unui serviciu","description":"Se va restitui suma pl\u0103tita DOAR \u00een cazul \u00een care produsul a fost imposibil s\u0103 fie dus la bun sfarsit, interzis, de ne\u00een\u021beles, sau orice alt motiv","robots":{"index":"index","follow":"follow","max-snippet":"max-snippet:-1","max-image-preview":"max-image-preview:large","max-video-preview":"max-video-preview:-1"},"canonical":"https:\/\/www.marinpasalodos.com\/ro\/conditiile-care-se-poate-recupera-plata-efectuata-pentru-cumpararea-unui-serviciu\/","og_locale":"ro_RO","og_type":"article","og_title":"Conditiile in care se poate recupera plata pentru cumpararea unui serviciu","og_description":"Se va restitui suma pl\u0103tita DOAR \u00een cazul \u00een care produsul a fost imposibil s\u0103 fie dus la bun sfarsit, interzis, de ne\u00een\u021beles, sau orice alt motiv","og_url":"https:\/\/www.marinpasalodos.com\/ro\/conditiile-care-se-poate-recupera-plata-efectuata-pentru-cumpararea-unui-serviciu\/","og_site_name":"Abogados Marin Pasalodos","article_modified_time":"2019-04-24T14:31:23+00:00","twitter_misc":{"Timp estimat pentru citire":"1 minut"},"schema":{"@context":"https:\/\/schema.org","@graph":[{"@type":"WebPage","@id":"https:\/\/www.marinpasalodos.com\/ro\/conditiile-care-se-poate-recupera-plata-efectuata-pentru-cumpararea-unui-serviciu\/","url":"https:\/\/www.marinpasalodos.com\/ro\/conditiile-care-se-poate-recupera-plata-efectuata-pentru-cumpararea-unui-serviciu\/","name":"Conditiile in care se poate recupera plata pentru cumpararea unui serviciu","isPartOf":{"@id":"https:\/\/www.marinpasalodos.com\/#website"},"datePublished":"2014-11-20T14:35:10+00:00","dateModified":"2019-04-24T14:31:23+00:00","description":"Se va restitui suma pl\u0103tita DOAR \u00een cazul \u00een care produsul a fost imposibil s\u0103 fie dus la bun sfarsit, interzis, de ne\u00een\u021beles, sau orice alt motiv","breadcrumb":{"@id":"https:\/\/www.marinpasalodos.com\/ro\/conditiile-care-se-poate-recupera-plata-efectuata-pentru-cumpararea-unui-serviciu\/#breadcrumb"},"inLanguage":"ro-RO","potentialAction":[{"@type":"ReadAction","target":["https:\/\/www.marinpasalodos.com\/ro\/conditiile-care-se-poate-recupera-plata-efectuata-pentru-cumpararea-unui-serviciu\/"]}]},{"@type":"BreadcrumbList","@id":"https:\/\/www.marinpasalodos.com\/ro\/conditiile-care-se-poate-recupera-plata-efectuata-pentru-cumpararea-unui-serviciu\/#breadcrumb","itemListElement":[{"@type":"ListItem","position":1,"name":"Home","item":"https:\/\/www.marinpasalodos.com\/ro\/"},{"@type":"ListItem","position":2,"name":"Conditiile in care se poate recupera plata efectuata pentru cumpararea unui serviciu"}]},{"@type":"WebSite","@id":"https:\/\/www.marinpasalodos.com\/#website","url":"https:\/\/www.marinpasalodos.com\/","name":"Abogados Marin Pasalodos","description":"Bufete de abogados en Barcelona Marin","potentialAction":[{"@type":"SearchAction","target":{"@type":"EntryPoint","urlTemplate":"https:\/\/www.marinpasalodos.com\/?s={search_term_string}"},"query-input":{"@type":"PropertyValueSpecification","valueRequired":true,"valueName":"search_term_string"}}],"inLanguage":"ro-RO"}]}},"_links":{"self":[{"href":"https:\/\/www.marinpasalodos.com\/ro\/wp-json\/wp\/v2\/pages\/522","targetHints":{"allow":["GET"]}}],"collection":[{"href":"https:\/\/www.marinpasalodos.com\/ro\/wp-json\/wp\/v2\/pages"}],"about":[{"href":"https:\/\/www.marinpasalodos.com\/ro\/wp-json\/wp\/v2\/types\/page"}],"author":[{"embeddable":true,"href":"https:\/\/www.marinpasalodos.com\/ro\/wp-json\/wp\/v2\/users\/5"}],"replies":[{"embeddable":true,"href":"https:\/\/www.marinpasalodos.com\/ro\/wp-json\/wp\/v2\/comments?post=522"}],"version-history":[{"count":2,"href":"https:\/\/www.marinpasalodos.com\/ro\/wp-json\/wp\/v2\/pages\/522\/revisions"}],"predecessor-version":[{"id":27888,"href":"https:\/\/www.marinpasalodos.com\/ro\/wp-json\/wp\/v2\/pages\/522\/revisions\/27888"}],"wp:attachment":[{"href":"https:\/\/www.marinpasalodos.com\/ro\/wp-json\/wp\/v2\/media?parent=522"}],"curies":[{"name":"wp","href":"https:\/\/api.w.org\/{rel}","templated":true}]}}